{"id":610,"date":"2026-04-12T15:43:10","date_gmt":"2026-04-12T15:43:10","guid":{"rendered":"https:\/\/silk-pajamas.com\/22-momme-mulberry-silk-pajama-set-short-sleeve-leopard\/"},"modified":"2026-05-09T08:07:57","modified_gmt":"2026-05-09T08:07:57","slug":"22-momme-mulberry-silk-pajama-set-short-sleeve-leopard","status":"publish","type":"product","link":"https:\/\/silk-pajamas.com\/fr\/22-momme-mulberry-silk-pajama-set-short-sleeve-leopard\/","title":{"rendered":"22 Momme Ensemble pyjama en soie de m\u00fbrier Manches courtes L\u00e9opard"},"content":{"rendered":"<p>Fabriqu\u00e9 avec 22 momme de soie de m\u00fbrier, cet ensemble de pyjama classique offre un toucher doux, une sensation de douceur sur la peau et un mouvement \u00e9l\u00e9gant. Les manches courtes et la couleur l\u00e9opard conf\u00e8rent \u00e0 ce pyjama une allure \u00e9l\u00e9gante. Disponible en XL, XXL, 3XL, 4XL. Laver \u00e0 la main \u00e0 froid ou utiliser un cycle d\u00e9licat.<\/p>","protected":false},"excerpt":{"rendered":"<p>22 Ensemble pyjama classique en soie de m\u00fbrier de Momme en l\u00e9opard. Finition manches courtes, toucher doux et gamme de tailles XL, XXL, 3XL, 4XL. Con\u00e7u pour les femmes.<\/p>","protected":false},"featured_media":2421,"template":"","meta":{"_gspb_post_css":""},"product_brand":[],"product_cat":[20],"product_tag":[182,184,214],"class_list":{"0":"post-610","1":"product","2":"type-product","3":"status-publish","4":"has-post-thumbnail","6":"product_cat-silk-pajamas","7":"product_tag-22-momme-silk-pajamas-leopard","8":"product_tag-manufacturer-silk-pajamas-for-women","9":"product_tag-mulberry-silk-pajamas-short-sleeve","11":"first","12":"instock","13":"shipping-taxable","14":"purchasable","15":"product-type-simple"},"_links":{"self":[{"href":"https:\/\/silk-pajamas.com\/fr\/wp-json\/wp\/v2\/product\/610","targetHints":{"allow":["GET"]}}],"collection":[{"href":"https:\/\/silk-pajamas.com\/fr\/wp-json\/wp\/v2\/product"}],"about":[{"href":"https:\/\/silk-pajamas.com\/fr\/wp-json\/wp\/v2\/types\/product"}],"wp:featuredmedia":[{"embeddable":true,"href":"https:\/\/silk-pajamas.com\/fr\/wp-json\/wp\/v2\/media\/2421"}],"wp:attachment":[{"href":"https:\/\/silk-pajamas.com\/fr\/wp-json\/wp\/v2\/media?parent=610"}],"wp:term":[{"taxonomy":"product_brand","embeddable":true,"href":"https:\/\/silk-pajamas.com\/fr\/wp-json\/wp\/v2\/product_brand?post=610"},{"taxonomy":"product_cat","embeddable":true,"href":"https:\/\/silk-pajamas.com\/fr\/wp-json\/wp\/v2\/product_cat?post=610"},{"taxonomy":"product_tag","embeddable":true,"href":"https:\/\/silk-pajamas.com\/fr\/wp-json\/wp\/v2\/product_tag?post=610"}],"curies":[{"name":"wp","href":"https:\/\/api.w.org\/{rel}","templated":true}]}}