{"id":612,"date":"2026-04-12T15:43:11","date_gmt":"2026-04-12T15:43:11","guid":{"rendered":"https:\/\/silk-pajamas.com\/16-momme-crepe-silk-pajamas-long-sleeve-wine-vendor\/"},"modified":"2026-05-09T07:24:04","modified_gmt":"2026-05-09T07:24:04","slug":"16-momme-crepe-silk-pajamas-long-sleeve-wine-vendor","status":"publish","type":"product","link":"https:\/\/silk-pajamas.com\/fr\/16-momme-crepe-silk-pajamas-long-sleeve-wine-vendor\/","title":{"rendered":"16 Momme Crepe Silk Pajamas Long Sleeve Wine Vendor"},"content":{"rendered":"<p>Confectionn\u00e9 en cr\u00eape de soie 16 momme, cet ensemble de pyjama classique associe des manches longues \u00e0 une brillance douce et \u00e0 une sensation de respirabilit\u00e9. La finition lie-de-vin lui conf\u00e8re un aspect raffin\u00e9, tandis que les tailles XS, S, M, L, XL et XXL permettent de r\u00e9pondre \u00e0 la demande de base. Convient aux assortiments de cadeaux et aux garde-robes de toutes saisons. Laver \u00e0 la main \u00e0 froid ou utiliser un cycle d\u00e9licat.<\/p>","protected":false},"excerpt":{"rendered":"<p>16 Ensemble pyjama classique en cr\u00eape de soie Momme, couleur vin. Finition manches longues, sensation de respirabilit\u00e9 et gamme de tailles XS, S, M, L, XL, XXL. Con\u00e7u pour les assortiments de cadeaux.<\/p>","protected":false},"featured_media":2385,"template":"","meta":{"_gspb_post_css":""},"product_brand":[],"product_cat":[20],"product_tag":[220,221,215],"class_list":{"0":"post-612","1":"product","2":"type-product","3":"status-publish","4":"has-post-thumbnail","6":"product_cat-silk-pajamas","7":"product_tag-16-momme-silk-pajamas-wine","8":"product_tag-crepe-silk-pajamas-long-sleeve","9":"product_tag-wholesale-silk-pajamas-for-gift-assortments","11":"first","12":"instock","13":"shipping-taxable","14":"purchasable","15":"product-type-simple"},"_links":{"self":[{"href":"https:\/\/silk-pajamas.com\/fr\/wp-json\/wp\/v2\/product\/612","targetHints":{"allow":["GET"]}}],"collection":[{"href":"https:\/\/silk-pajamas.com\/fr\/wp-json\/wp\/v2\/product"}],"about":[{"href":"https:\/\/silk-pajamas.com\/fr\/wp-json\/wp\/v2\/types\/product"}],"wp:featuredmedia":[{"embeddable":true,"href":"https:\/\/silk-pajamas.com\/fr\/wp-json\/wp\/v2\/media\/2385"}],"wp:attachment":[{"href":"https:\/\/silk-pajamas.com\/fr\/wp-json\/wp\/v2\/media?parent=612"}],"wp:term":[{"taxonomy":"product_brand","embeddable":true,"href":"https:\/\/silk-pajamas.com\/fr\/wp-json\/wp\/v2\/product_brand?post=612"},{"taxonomy":"product_cat","embeddable":true,"href":"https:\/\/silk-pajamas.com\/fr\/wp-json\/wp\/v2\/product_cat?post=612"},{"taxonomy":"product_tag","embeddable":true,"href":"https:\/\/silk-pajamas.com\/fr\/wp-json\/wp\/v2\/product_tag?post=612"}],"curies":[{"name":"wp","href":"https:\/\/api.w.org\/{rel}","templated":true}]}}