{"id":614,"date":"2026-04-12T15:43:11","date_gmt":"2026-04-12T15:43:11","guid":{"rendered":"https:\/\/silk-pajamas.com\/22-momme-crepe-silk-kimono-robe-mid-length-floral\/"},"modified":"2026-05-09T07:33:43","modified_gmt":"2026-05-09T07:33:43","slug":"22-momme-crepe-silk-kimono-robe-mid-length-floral","status":"publish","type":"product","link":"https:\/\/silk-pajamas.com\/fr\/22-momme-crepe-silk-kimono-robe-mid-length-floral\/","title":{"rendered":"22 Momme Crepe Silk Kimono Robe Mid Length Floral"},"content":{"rendered":"<p>Ce peignoir et kimono est r\u00e9alis\u00e9 en 22 momme de cr\u00eape de soie dans un ton floral. Il se caract\u00e9rise par une longueur moyenne, un toucher doux et un drap\u00e9 confortable pour les programmes de spa. Ce mod\u00e8le est compatible avec les tailles Custom et convient parfaitement aux tenues d'\u00e9t\u00e9, aux cadeaux et au confort quotidien. Laver \u00e0 la main \u00e0 froid ou utiliser un cycle d\u00e9licat.<\/p>","protected":false},"excerpt":{"rendered":"<p>22 Momme Peignoir et kimono en cr\u00eape de soie \u00e0 fleurs. Finition mi-longue, sensation de l\u00e9g\u00e8ret\u00e9 et gamme de tailles sur mesure. Con\u00e7u pour les programmes de spa.<\/p>","protected":false},"featured_media":2371,"template":"","meta":{"_gspb_post_css":""},"product_brand":[],"product_cat":[24],"product_tag":[225,226,227],"class_list":{"0":"post-614","1":"product","2":"type-product","3":"status-publish","4":"has-post-thumbnail","6":"product_cat-silk-robes-and-kimonos","7":"product_tag-22-momme-silk-robe-floral","8":"product_tag-crepe-silk-robe-mid-length","9":"product_tag-manufacturer-silk-robe-for-spa-programs","11":"first","12":"instock","13":"shipping-taxable","14":"purchasable","15":"product-type-simple"},"_links":{"self":[{"href":"https:\/\/silk-pajamas.com\/fr\/wp-json\/wp\/v2\/product\/614","targetHints":{"allow":["GET"]}}],"collection":[{"href":"https:\/\/silk-pajamas.com\/fr\/wp-json\/wp\/v2\/product"}],"about":[{"href":"https:\/\/silk-pajamas.com\/fr\/wp-json\/wp\/v2\/types\/product"}],"wp:featuredmedia":[{"embeddable":true,"href":"https:\/\/silk-pajamas.com\/fr\/wp-json\/wp\/v2\/media\/2371"}],"wp:attachment":[{"href":"https:\/\/silk-pajamas.com\/fr\/wp-json\/wp\/v2\/media?parent=614"}],"wp:term":[{"taxonomy":"product_brand","embeddable":true,"href":"https:\/\/silk-pajamas.com\/fr\/wp-json\/wp\/v2\/product_brand?post=614"},{"taxonomy":"product_cat","embeddable":true,"href":"https:\/\/silk-pajamas.com\/fr\/wp-json\/wp\/v2\/product_cat?post=614"},{"taxonomy":"product_tag","embeddable":true,"href":"https:\/\/silk-pajamas.com\/fr\/wp-json\/wp\/v2\/product_tag?post=614"}],"curies":[{"name":"wp","href":"https:\/\/api.w.org\/{rel}","templated":true}]}}