{"id":615,"date":"2026-04-12T15:43:11","date_gmt":"2026-04-12T15:43:11","guid":{"rendered":"https:\/\/silk-pajamas.com\/25-momme-mulberry-silk-kimono-robe-jacquard-wine\/"},"modified":"2026-05-09T07:36:03","modified_gmt":"2026-05-09T07:36:03","slug":"25-momme-mulberry-silk-kimono-robe-jacquard-wine","status":"publish","type":"product","link":"https:\/\/silk-pajamas.com\/fr\/25-momme-mulberry-silk-kimono-robe-jacquard-wine\/","title":{"rendered":"25 Momme Mulberry Soie Kimono Robe Jacquard Vin"},"content":{"rendered":"<p>Ce peignoir et kimono est r\u00e9alis\u00e9 en 25 momme de soie de m\u00fbrier dans un ton lie-de-vin. Il pr\u00e9sente un jacquard, un toucher doux et un drap\u00e9 confortable pour les garde-robes de mari\u00e9es. Ce mod\u00e8le est compatible avec les tailles personnalis\u00e9es et convient parfaitement aux tenues d'\u00e9t\u00e9, aux cadeaux et au confort quotidien. Laver \u00e0 la main \u00e0 froid ou utiliser un cycle d\u00e9licat.<\/p>","protected":false},"excerpt":{"rendered":"<p>25 Momme Peignoir et kimono en soie de m\u00fbrier, coloris vin. Finition jacquard, l\u00e9g\u00e8ret\u00e9 et taille sur mesure. Con\u00e7u pour la garde-robe des mari\u00e9es.<\/p>","protected":false},"featured_media":2390,"template":"","meta":{"_gspb_post_css":""},"product_brand":[],"product_cat":[24],"product_tag":[228,229,230],"class_list":{"0":"post-615","1":"product","2":"type-product","3":"status-publish","4":"has-post-thumbnail","6":"product_cat-silk-robes-and-kimonos","7":"product_tag-25-momme-silk-robe-wine","8":"product_tag-mulberry-silk-robe-jacquard","9":"product_tag-vendor-silk-robe-for-bridal-wardrobes","11":"first","12":"instock","13":"shipping-taxable","14":"purchasable","15":"product-type-simple"},"_links":{"self":[{"href":"https:\/\/silk-pajamas.com\/fr\/wp-json\/wp\/v2\/product\/615","targetHints":{"allow":["GET"]}}],"collection":[{"href":"https:\/\/silk-pajamas.com\/fr\/wp-json\/wp\/v2\/product"}],"about":[{"href":"https:\/\/silk-pajamas.com\/fr\/wp-json\/wp\/v2\/types\/product"}],"wp:featuredmedia":[{"embeddable":true,"href":"https:\/\/silk-pajamas.com\/fr\/wp-json\/wp\/v2\/media\/2390"}],"wp:attachment":[{"href":"https:\/\/silk-pajamas.com\/fr\/wp-json\/wp\/v2\/media?parent=615"}],"wp:term":[{"taxonomy":"product_brand","embeddable":true,"href":"https:\/\/silk-pajamas.com\/fr\/wp-json\/wp\/v2\/product_brand?post=615"},{"taxonomy":"product_cat","embeddable":true,"href":"https:\/\/silk-pajamas.com\/fr\/wp-json\/wp\/v2\/product_cat?post=615"},{"taxonomy":"product_tag","embeddable":true,"href":"https:\/\/silk-pajamas.com\/fr\/wp-json\/wp\/v2\/product_tag?post=615"}],"curies":[{"name":"wp","href":"https:\/\/api.w.org\/{rel}","templated":true}]}}