{"id":616,"date":"2026-04-12T15:43:11","date_gmt":"2026-04-12T15:43:11","guid":{"rendered":"https:\/\/silk-pajamas.com\/22-momme-mulberry-silk-robe-longline-wine\/"},"modified":"2026-05-09T07:37:44","modified_gmt":"2026-05-09T07:37:44","slug":"22-momme-mulberry-silk-robe-longline-wine","status":"publish","type":"product","link":"https:\/\/silk-pajamas.com\/fr\/22-momme-mulberry-silk-robe-longline-wine\/","title":{"rendered":"22 Momme Mulberry Silk Robe Longline Wine"},"content":{"rendered":"<p>Fabriqu\u00e9 avec 22 momme de soie de m\u00fbrier, ce peignoir et kimono offre une sensation de l\u00e9g\u00e8ret\u00e9 et de douceur sur la peau et un mouvement \u00e9l\u00e9gant. La construction longiligne et la couleur vin permettent d'obtenir un look soign\u00e9 pour les programmes de spa. Disponible en taille unique. Laver \u00e0 la main \u00e0 froid ou utiliser un cycle d\u00e9licat.<\/p>","protected":false},"excerpt":{"rendered":"<p>22 Momme Peignoir et kimono en soie de m\u00fbrier, coloris vin. Finition longiligne, sensation de l\u00e9g\u00e8ret\u00e9 et taille unique. Con\u00e7u pour les programmes de spa.<\/p>","protected":false},"featured_media":2392,"template":"","meta":{"_gspb_post_css":""},"product_brand":[],"product_cat":[24],"product_tag":[231,232,224],"class_list":{"0":"post-616","1":"product","2":"type-product","3":"status-publish","4":"has-post-thumbnail","6":"product_cat-silk-robes-and-kimonos","7":"product_tag-22-momme-silk-robe-wine","8":"product_tag-mulberry-silk-robe-longline","9":"product_tag-supplier-silk-robe-for-spa-programs","11":"first","12":"instock","13":"shipping-taxable","14":"purchasable","15":"product-type-simple"},"_links":{"self":[{"href":"https:\/\/silk-pajamas.com\/fr\/wp-json\/wp\/v2\/product\/616","targetHints":{"allow":["GET"]}}],"collection":[{"href":"https:\/\/silk-pajamas.com\/fr\/wp-json\/wp\/v2\/product"}],"about":[{"href":"https:\/\/silk-pajamas.com\/fr\/wp-json\/wp\/v2\/types\/product"}],"wp:featuredmedia":[{"embeddable":true,"href":"https:\/\/silk-pajamas.com\/fr\/wp-json\/wp\/v2\/media\/2392"}],"wp:attachment":[{"href":"https:\/\/silk-pajamas.com\/fr\/wp-json\/wp\/v2\/media?parent=616"}],"wp:term":[{"taxonomy":"product_brand","embeddable":true,"href":"https:\/\/silk-pajamas.com\/fr\/wp-json\/wp\/v2\/product_brand?post=616"},{"taxonomy":"product_cat","embeddable":true,"href":"https:\/\/silk-pajamas.com\/fr\/wp-json\/wp\/v2\/product_cat?post=616"},{"taxonomy":"product_tag","embeddable":true,"href":"https:\/\/silk-pajamas.com\/fr\/wp-json\/wp\/v2\/product_tag?post=616"}],"curies":[{"name":"wp","href":"https:\/\/api.w.org\/{rel}","templated":true}]}}