{"id":619,"date":"2026-04-12T15:43:11","date_gmt":"2026-04-12T15:43:11","guid":{"rendered":"https:\/\/silk-pajamas.com\/22-momme-charmeuse-silk-kimono-robe-jacquard-sky-blue\/"},"modified":"2026-05-09T07:43:22","modified_gmt":"2026-05-09T07:43:22","slug":"22-momme-charmeuse-silk-kimono-robe-jacquard-sky-blue","status":"publish","type":"product","link":"https:\/\/silk-pajamas.com\/fr\/22-momme-charmeuse-silk-kimono-robe-jacquard-sky-blue\/","title":{"rendered":"22 Momme Charmeuse Soie Kimono Robe Jacquard Bleu Ciel"},"content":{"rendered":"<p>Fabriqu\u00e9 en 22 momme charmeuse de soie, ce peignoir et kimono offre un toucher doux et respirant, ainsi qu'un mouvement \u00e9l\u00e9gant. La construction jacquard et la couleur bleu ciel lui conf\u00e8rent une allure soign\u00e9e pour les programmes de spa. Disponible en XL, XXL, 3XL, 4XL. Laver \u00e0 la main \u00e0 froid ou utiliser un cycle d\u00e9licat.<\/p>","protected":false},"excerpt":{"rendered":"<p>22 Peignoir et kimono en soie Momme Charmeuse, bleu ciel. Finition jacquard, sensation de respirabilit\u00e9 et gamme de tailles XL, XXL, 3XL, 4XL. Con\u00e7u pour les programmes de spa.<\/p>","protected":false},"featured_media":2286,"template":"","meta":{"_gspb_post_css":""},"product_brand":[],"product_cat":[24],"product_tag":[238,239,224],"class_list":{"0":"post-619","1":"product","2":"type-product","3":"status-publish","4":"has-post-thumbnail","6":"product_cat-silk-robes-and-kimonos","7":"product_tag-22-momme-silk-robe-sky-blue","8":"product_tag-charmeuse-silk-robe-jacquard","9":"product_tag-supplier-silk-robe-for-spa-programs","11":"first","12":"instock","13":"shipping-taxable","14":"purchasable","15":"product-type-simple"},"_links":{"self":[{"href":"https:\/\/silk-pajamas.com\/fr\/wp-json\/wp\/v2\/product\/619","targetHints":{"allow":["GET"]}}],"collection":[{"href":"https:\/\/silk-pajamas.com\/fr\/wp-json\/wp\/v2\/product"}],"about":[{"href":"https:\/\/silk-pajamas.com\/fr\/wp-json\/wp\/v2\/types\/product"}],"wp:featuredmedia":[{"embeddable":true,"href":"https:\/\/silk-pajamas.com\/fr\/wp-json\/wp\/v2\/media\/2286"}],"wp:attachment":[{"href":"https:\/\/silk-pajamas.com\/fr\/wp-json\/wp\/v2\/media?parent=619"}],"wp:term":[{"taxonomy":"product_brand","embeddable":true,"href":"https:\/\/silk-pajamas.com\/fr\/wp-json\/wp\/v2\/product_brand?post=619"},{"taxonomy":"product_cat","embeddable":true,"href":"https:\/\/silk-pajamas.com\/fr\/wp-json\/wp\/v2\/product_cat?post=619"},{"taxonomy":"product_tag","embeddable":true,"href":"https:\/\/silk-pajamas.com\/fr\/wp-json\/wp\/v2\/product_tag?post=619"}],"curies":[{"name":"wp","href":"https:\/\/api.w.org\/{rel}","templated":true}]}}