{"id":620,"date":"2026-04-12T15:43:11","date_gmt":"2026-04-12T15:43:11","guid":{"rendered":"https:\/\/silk-pajamas.com\/25-momme-crepe-silk-kimono-robe-belted-emerald\/"},"modified":"2026-05-09T07:43:46","modified_gmt":"2026-05-09T07:43:46","slug":"25-momme-crepe-silk-kimono-robe-belted-emerald","status":"publish","type":"product","link":"https:\/\/silk-pajamas.com\/fr\/25-momme-crepe-silk-kimono-robe-belted-emerald\/","title":{"rendered":"25 Momme Crepe Silk Kimono Robe Belted Emerald"},"content":{"rendered":"<p>Fabriqu\u00e9 en cr\u00eape de soie 25 momme, ce peignoir et kimono offre un toucher doux, une sensation de douceur sur la peau et un mouvement \u00e9l\u00e9gant. La construction ceintur\u00e9e et la couleur \u00e9meraude assurent un look raffin\u00e9 pour les programmes de spa. Disponible en S, M, L, XL. Laver \u00e0 la main \u00e0 froid ou utiliser un cycle d\u00e9licat.<\/p>","protected":false},"excerpt":{"rendered":"<p>25 Peignoir et kimono en cr\u00eape de soie Momme, coloris \u00e9meraude. Finition ceintur\u00e9e, toucher doux et tailles S, M, L, XL. Con\u00e7u pour les programmes de spa.<\/p>","protected":false},"featured_media":2376,"template":"","meta":{"_gspb_post_css":""},"product_brand":[],"product_cat":[24],"product_tag":[240,234,241],"class_list":{"0":"post-620","1":"product","2":"type-product","3":"status-publish","4":"has-post-thumbnail","6":"product_cat-silk-robes-and-kimonos","7":"product_tag-25-momme-silk-robe-emerald","8":"product_tag-crepe-silk-robe-belted","9":"product_tag-vendor-silk-robe-for-spa-programs","11":"first","12":"instock","13":"shipping-taxable","14":"purchasable","15":"product-type-simple"},"_links":{"self":[{"href":"https:\/\/silk-pajamas.com\/fr\/wp-json\/wp\/v2\/product\/620","targetHints":{"allow":["GET"]}}],"collection":[{"href":"https:\/\/silk-pajamas.com\/fr\/wp-json\/wp\/v2\/product"}],"about":[{"href":"https:\/\/silk-pajamas.com\/fr\/wp-json\/wp\/v2\/types\/product"}],"wp:featuredmedia":[{"embeddable":true,"href":"https:\/\/silk-pajamas.com\/fr\/wp-json\/wp\/v2\/media\/2376"}],"wp:attachment":[{"href":"https:\/\/silk-pajamas.com\/fr\/wp-json\/wp\/v2\/media?parent=620"}],"wp:term":[{"taxonomy":"product_brand","embeddable":true,"href":"https:\/\/silk-pajamas.com\/fr\/wp-json\/wp\/v2\/product_brand?post=620"},{"taxonomy":"product_cat","embeddable":true,"href":"https:\/\/silk-pajamas.com\/fr\/wp-json\/wp\/v2\/product_cat?post=620"},{"taxonomy":"product_tag","embeddable":true,"href":"https:\/\/silk-pajamas.com\/fr\/wp-json\/wp\/v2\/product_tag?post=620"}],"curies":[{"name":"wp","href":"https:\/\/api.w.org\/{rel}","templated":true}]}}