{"id":621,"date":"2026-04-12T15:43:11","date_gmt":"2026-04-12T15:43:11","guid":{"rendered":"https:\/\/silk-pajamas.com\/25-momme-crepe-silk-kimono-robe-longline-navy\/"},"modified":"2026-05-09T07:45:00","modified_gmt":"2026-05-09T07:45:00","slug":"25-momme-crepe-silk-kimono-robe-longline-navy","status":"publish","type":"product","link":"https:\/\/silk-pajamas.com\/fr\/25-momme-crepe-silk-kimono-robe-longline-navy\/","title":{"rendered":"25 Momme Crepe Silk Kimono Robe Longline Navy"},"content":{"rendered":"<p>Ce peignoir et kimono est r\u00e9alis\u00e9 en 25 momme de cr\u00eape de soie dans un ton marine. Il se caract\u00e9rise par une longue ligne, un toucher doux et un drap\u00e9 confortable pour les femmes. Ce mod\u00e8le est disponible en taille unique et convient parfaitement aux tenues d'automne, aux cadeaux et au confort quotidien. Laver \u00e0 la main \u00e0 froid ou utiliser un cycle d\u00e9licat.<\/p>","protected":false},"excerpt":{"rendered":"<p>25 Peignoir et kimono en cr\u00eape de soie Momme, coloris marine. Finition longiligne, drap\u00e9 doux et taille unique. Con\u00e7u pour la femme.<\/p>","protected":false},"featured_media":2400,"template":"","meta":{"_gspb_post_css":""},"product_brand":[],"product_cat":[24],"product_tag":[242,243,244],"class_list":{"0":"post-621","1":"product","2":"type-product","3":"status-publish","4":"has-post-thumbnail","6":"product_cat-silk-robes-and-kimonos","7":"product_tag-25-momme-silk-robe-navy","8":"product_tag-crepe-silk-robe-longline","9":"product_tag-manufacturer-silk-robe-for-women","11":"first","12":"instock","13":"shipping-taxable","14":"purchasable","15":"product-type-simple"},"_links":{"self":[{"href":"https:\/\/silk-pajamas.com\/fr\/wp-json\/wp\/v2\/product\/621","targetHints":{"allow":["GET"]}}],"collection":[{"href":"https:\/\/silk-pajamas.com\/fr\/wp-json\/wp\/v2\/product"}],"about":[{"href":"https:\/\/silk-pajamas.com\/fr\/wp-json\/wp\/v2\/types\/product"}],"wp:featuredmedia":[{"embeddable":true,"href":"https:\/\/silk-pajamas.com\/fr\/wp-json\/wp\/v2\/media\/2400"}],"wp:attachment":[{"href":"https:\/\/silk-pajamas.com\/fr\/wp-json\/wp\/v2\/media?parent=621"}],"wp:term":[{"taxonomy":"product_brand","embeddable":true,"href":"https:\/\/silk-pajamas.com\/fr\/wp-json\/wp\/v2\/product_brand?post=621"},{"taxonomy":"product_cat","embeddable":true,"href":"https:\/\/silk-pajamas.com\/fr\/wp-json\/wp\/v2\/product_cat?post=621"},{"taxonomy":"product_tag","embeddable":true,"href":"https:\/\/silk-pajamas.com\/fr\/wp-json\/wp\/v2\/product_tag?post=621"}],"curies":[{"name":"wp","href":"https:\/\/api.w.org\/{rel}","templated":true}]}}