{"id":623,"date":"2026-04-12T15:43:12","date_gmt":"2026-04-12T15:43:12","guid":{"rendered":"https:\/\/silk-pajamas.com\/25-momme-mulberry-silk-kimono-robe-longline-sage\/"},"modified":"2026-05-09T09:43:16","modified_gmt":"2026-05-09T09:43:16","slug":"25-momme-mulberry-silk-kimono-robe-longline-sage","status":"publish","type":"product","link":"https:\/\/silk-pajamas.com\/fr\/25-momme-mulberry-silk-kimono-robe-longline-sage\/","title":{"rendered":"25 Momme Mulberry Soie Kimono Robe Longue Sage"},"content":{"rendered":"<p>Fabriqu\u00e9e en soie de m\u00fbrier de 25 mm, cette robe de chambre et ce kimono offrent un drap\u00e9 doux, un toucher agr\u00e9able et des mouvements \u00e9l\u00e9gants. La construction longiligne et la couleur sauge lui conf\u00e8rent une allure \u00e9l\u00e9gante pour la garde-robe de mari\u00e9e. Disponible en taille unique. Laver \u00e0 la main \u00e0 froid ou utiliser un cycle d\u00e9licat.<\/p>","protected":false},"excerpt":{"rendered":"<p>25 Peignoir et kimono en soie de m\u00fbrier de Momme, coloris sauge. Finition longiligne, drap\u00e9 doux et taille unique. Con\u00e7u pour la garde-robe des mari\u00e9es.<\/p>","protected":false},"featured_media":2521,"template":"","meta":{"_gspb_post_css":""},"product_brand":[],"product_cat":[24],"product_tag":[248,232,249],"class_list":{"0":"post-623","1":"product","2":"type-product","3":"status-publish","4":"has-post-thumbnail","6":"product_cat-silk-robes-and-kimonos","7":"product_tag-25-momme-silk-robe-sage","8":"product_tag-mulberry-silk-robe-longline","9":"product_tag-supplier-silk-robe-for-bridal-wardrobes","11":"first","12":"instock","13":"featured","14":"shipping-taxable","15":"purchasable","16":"product-type-simple"},"_links":{"self":[{"href":"https:\/\/silk-pajamas.com\/fr\/wp-json\/wp\/v2\/product\/623","targetHints":{"allow":["GET"]}}],"collection":[{"href":"https:\/\/silk-pajamas.com\/fr\/wp-json\/wp\/v2\/product"}],"about":[{"href":"https:\/\/silk-pajamas.com\/fr\/wp-json\/wp\/v2\/types\/product"}],"wp:featuredmedia":[{"embeddable":true,"href":"https:\/\/silk-pajamas.com\/fr\/wp-json\/wp\/v2\/media\/2521"}],"wp:attachment":[{"href":"https:\/\/silk-pajamas.com\/fr\/wp-json\/wp\/v2\/media?parent=623"}],"wp:term":[{"taxonomy":"product_brand","embeddable":true,"href":"https:\/\/silk-pajamas.com\/fr\/wp-json\/wp\/v2\/product_brand?post=623"},{"taxonomy":"product_cat","embeddable":true,"href":"https:\/\/silk-pajamas.com\/fr\/wp-json\/wp\/v2\/product_cat?post=623"},{"taxonomy":"product_tag","embeddable":true,"href":"https:\/\/silk-pajamas.com\/fr\/wp-json\/wp\/v2\/product_tag?post=623"}],"curies":[{"name":"wp","href":"https:\/\/api.w.org\/{rel}","templated":true}]}}