{"id":624,"date":"2026-04-12T15:43:12","date_gmt":"2026-04-12T15:43:12","guid":{"rendered":"https:\/\/silk-pajamas.com\/19-momme-mulberry-silk-robe-mid-length-coffee\/"},"modified":"2026-05-09T07:17:45","modified_gmt":"2026-05-09T07:17:45","slug":"19-momme-mulberry-silk-robe-mid-length-coffee","status":"publish","type":"product","link":"https:\/\/silk-pajamas.com\/fr\/19-momme-mulberry-silk-robe-mid-length-coffee\/","title":{"rendered":"19 Momme Peignoir mi-long en soie de m\u00fbrier Caf\u00e9"},"content":{"rendered":"<p>Fabriqu\u00e9 avec de la soie de m\u00fbrier de 19 mm, ce peignoir et kimono offre un toucher doux et respirant ainsi qu'un mouvement \u00e9l\u00e9gant. Sa longueur moyenne et sa couleur caf\u00e9 lui conf\u00e8rent une allure \u00e9l\u00e9gante pour les programmes de spa. Disponible en S, M, L, XL. Laver \u00e0 la main \u00e0 froid ou utiliser un cycle d\u00e9licat.<\/p>","protected":false},"excerpt":{"rendered":"<p>19 Peignoir et kimono en soie de m\u00fbrier de Momme, coloris caf\u00e9. Finition mi-longue, sensation de respirabilit\u00e9 et tailles S, M, L, XL. Con\u00e7u pour les programmes de spa.<\/p>","protected":false},"featured_media":2383,"template":"","meta":{"_gspb_post_css":""},"product_brand":[],"product_cat":[24],"product_tag":[250,251,241],"class_list":{"0":"post-624","1":"product","2":"type-product","3":"status-publish","4":"has-post-thumbnail","6":"product_cat-silk-robes-and-kimonos","7":"product_tag-19-momme-silk-robe-coffee","8":"product_tag-mulberry-silk-robe-mid-length","9":"product_tag-vendor-silk-robe-for-spa-programs","11":"first","12":"instock","13":"shipping-taxable","14":"purchasable","15":"product-type-simple"},"_links":{"self":[{"href":"https:\/\/silk-pajamas.com\/fr\/wp-json\/wp\/v2\/product\/624","targetHints":{"allow":["GET"]}}],"collection":[{"href":"https:\/\/silk-pajamas.com\/fr\/wp-json\/wp\/v2\/product"}],"about":[{"href":"https:\/\/silk-pajamas.com\/fr\/wp-json\/wp\/v2\/types\/product"}],"wp:featuredmedia":[{"embeddable":true,"href":"https:\/\/silk-pajamas.com\/fr\/wp-json\/wp\/v2\/media\/2383"}],"wp:attachment":[{"href":"https:\/\/silk-pajamas.com\/fr\/wp-json\/wp\/v2\/media?parent=624"}],"wp:term":[{"taxonomy":"product_brand","embeddable":true,"href":"https:\/\/silk-pajamas.com\/fr\/wp-json\/wp\/v2\/product_brand?post=624"},{"taxonomy":"product_cat","embeddable":true,"href":"https:\/\/silk-pajamas.com\/fr\/wp-json\/wp\/v2\/product_cat?post=624"},{"taxonomy":"product_tag","embeddable":true,"href":"https:\/\/silk-pajamas.com\/fr\/wp-json\/wp\/v2\/product_tag?post=624"}],"curies":[{"name":"wp","href":"https:\/\/api.w.org\/{rel}","templated":true}]}}