{"id":626,"date":"2026-04-12T15:43:13","date_gmt":"2026-04-12T15:43:13","guid":{"rendered":"https:\/\/silk-pajamas.com\/16-momme-mulberry-silk-robe-piped-floral-vendor\/"},"modified":"2026-05-08T13:07:57","modified_gmt":"2026-05-08T13:07:57","slug":"16-momme-mulberry-silk-robe-piped-floral-vendor","status":"publish","type":"product","link":"https:\/\/silk-pajamas.com\/fr\/16-momme-mulberry-silk-robe-piped-floral-vendor\/","title":{"rendered":"16 Momme Mulberry Robe en soie Piped Floral Vendor"},"content":{"rendered":"<p>Ce peignoir et kimono est r\u00e9alis\u00e9 en 16 momme de soie de m\u00fbrier dans un ton floral. Il pr\u00e9sente des passepoils, un toucher doux et un drap\u00e9 confortable pour les femmes. Ce mod\u00e8le convient aux tailles XL, XXL, 3XL et 4XL et convient parfaitement aux tenues de printemps, aux cadeaux et au confort quotidien. Laver \u00e0 la main \u00e0 froid ou utiliser un cycle d\u00e9licat.<\/p>","protected":false},"excerpt":{"rendered":"<p>16 Peignoir et kimono Momme en soie de m\u00fbrier \u00e0 fleurs. Finition passepoil\u00e9e, l\u00e9g\u00e8ret\u00e9 et tailles XL, XXL, 3XL, 4XL. Con\u00e7u pour la femme.<\/p>","protected":false},"featured_media":2363,"template":"","meta":{"_gspb_post_css":""},"product_brand":[],"product_cat":[24],"product_tag":[254,255,253],"class_list":{"0":"post-626","1":"product","2":"type-product","3":"status-publish","4":"has-post-thumbnail","6":"product_cat-silk-robes-and-kimonos","7":"product_tag-16-momme-silk-robe-floral","8":"product_tag-factory-silk-robe-for-women","9":"product_tag-mulberry-silk-robe-piped","11":"first","12":"instock","13":"shipping-taxable","14":"purchasable","15":"product-type-simple"},"_links":{"self":[{"href":"https:\/\/silk-pajamas.com\/fr\/wp-json\/wp\/v2\/product\/626","targetHints":{"allow":["GET"]}}],"collection":[{"href":"https:\/\/silk-pajamas.com\/fr\/wp-json\/wp\/v2\/product"}],"about":[{"href":"https:\/\/silk-pajamas.com\/fr\/wp-json\/wp\/v2\/types\/product"}],"wp:featuredmedia":[{"embeddable":true,"href":"https:\/\/silk-pajamas.com\/fr\/wp-json\/wp\/v2\/media\/2363"}],"wp:attachment":[{"href":"https:\/\/silk-pajamas.com\/fr\/wp-json\/wp\/v2\/media?parent=626"}],"wp:term":[{"taxonomy":"product_brand","embeddable":true,"href":"https:\/\/silk-pajamas.com\/fr\/wp-json\/wp\/v2\/product_brand?post=626"},{"taxonomy":"product_cat","embeddable":true,"href":"https:\/\/silk-pajamas.com\/fr\/wp-json\/wp\/v2\/product_cat?post=626"},{"taxonomy":"product_tag","embeddable":true,"href":"https:\/\/silk-pajamas.com\/fr\/wp-json\/wp\/v2\/product_tag?post=626"}],"curies":[{"name":"wp","href":"https:\/\/api.w.org\/{rel}","templated":true}]}}