{"id":627,"date":"2026-04-12T15:43:13","date_gmt":"2026-04-12T15:43:13","guid":{"rendered":"https:\/\/silk-pajamas.com\/25-momme-charmeuse-silk-robe-printed-navy\/"},"modified":"2026-05-08T13:15:57","modified_gmt":"2026-05-08T13:15:57","slug":"25-momme-charmeuse-silk-robe-printed-navy","status":"publish","type":"product","link":"https:\/\/silk-pajamas.com\/fr\/25-momme-charmeuse-silk-robe-printed-navy\/","title":{"rendered":"25 Momme Peignoir en soie charmeuse imprim\u00e9 marine"},"content":{"rendered":"<p>Confectionn\u00e9 en 25 momme charmeuse de soie, ce peignoir et kimono superpos\u00e9s offre une sensation de l\u00e9g\u00e8ret\u00e9 et de douceur sur la peau ainsi qu'un mouvement \u00e9l\u00e9gant. La construction imprim\u00e9e et la couleur marine lui conf\u00e8rent un look raffin\u00e9 pour les s\u00e9jours en station baln\u00e9aire. Disponible en sur mesure. Laver \u00e0 la main \u00e0 froid ou au cycle d\u00e9licat.<\/p>","protected":false},"excerpt":{"rendered":"<p>25 Peignoir et kimono en soie charmeuse de Momme, coloris marine. Finition imprim\u00e9e, l\u00e9g\u00e8ret\u00e9 et taille sur mesure. Con\u00e7u pour les s\u00e9jours de vacances.<\/p>","protected":false},"featured_media":2366,"template":"","meta":{"_gspb_post_css":""},"product_brand":[],"product_cat":[24],"product_tag":[242,256,257],"class_list":{"0":"post-627","1":"product","2":"type-product","3":"status-publish","4":"has-post-thumbnail","6":"product_cat-silk-robes-and-kimonos","7":"product_tag-25-momme-silk-robe-navy","8":"product_tag-charmeuse-silk-robe-printed","9":"product_tag-wholesale-silk-robe-for-resort-dressing","11":"first","12":"instock","13":"shipping-taxable","14":"purchasable","15":"product-type-simple"},"_links":{"self":[{"href":"https:\/\/silk-pajamas.com\/fr\/wp-json\/wp\/v2\/product\/627","targetHints":{"allow":["GET"]}}],"collection":[{"href":"https:\/\/silk-pajamas.com\/fr\/wp-json\/wp\/v2\/product"}],"about":[{"href":"https:\/\/silk-pajamas.com\/fr\/wp-json\/wp\/v2\/types\/product"}],"wp:featuredmedia":[{"embeddable":true,"href":"https:\/\/silk-pajamas.com\/fr\/wp-json\/wp\/v2\/media\/2366"}],"wp:attachment":[{"href":"https:\/\/silk-pajamas.com\/fr\/wp-json\/wp\/v2\/media?parent=627"}],"wp:term":[{"taxonomy":"product_brand","embeddable":true,"href":"https:\/\/silk-pajamas.com\/fr\/wp-json\/wp\/v2\/product_brand?post=627"},{"taxonomy":"product_cat","embeddable":true,"href":"https:\/\/silk-pajamas.com\/fr\/wp-json\/wp\/v2\/product_cat?post=627"},{"taxonomy":"product_tag","embeddable":true,"href":"https:\/\/silk-pajamas.com\/fr\/wp-json\/wp\/v2\/product_tag?post=627"}],"curies":[{"name":"wp","href":"https:\/\/api.w.org\/{rel}","templated":true}]}}