{"id":629,"date":"2026-04-12T15:43:13","date_gmt":"2026-04-12T15:43:13","guid":{"rendered":"https:\/\/silk-pajamas.com\/25-momme-charmeuse-silk-kimono-robe-printed-rose\/"},"modified":"2026-05-08T13:22:35","modified_gmt":"2026-05-08T13:22:35","slug":"25-momme-charmeuse-silk-kimono-robe-printed-rose","status":"publish","type":"product","link":"https:\/\/silk-pajamas.com\/fr\/25-momme-charmeuse-silk-kimono-robe-printed-rose\/","title":{"rendered":"25 Momme Charmeuse Soie Kimono Robe Imprim\u00e9 Rose"},"content":{"rendered":"<p>Ce peignoir et kimono est r\u00e9alis\u00e9 en 25 momme charmeuse de soie dans un ton ros\u00e9. Il pr\u00e9sente des imprim\u00e9s, un toucher doux et un drap\u00e9 confortable pour les femmes. Ce mod\u00e8le convient aux tailles personnalis\u00e9es et convient parfaitement aux tenues d'automne, aux cadeaux et au confort quotidien. Laver \u00e0 la main \u00e0 froid ou utiliser un cycle d\u00e9licat.<\/p>","protected":false},"excerpt":{"rendered":"<p>25 Peignoir et kimono en soie Momme Charmeuse, coloris Rose. Finition imprim\u00e9e, toucher respirant et gamme de tailles sur mesure. Con\u00e7u pour la femme.<\/p>","protected":false},"featured_media":2372,"template":"","meta":{"_gspb_post_css":""},"product_brand":[],"product_cat":[24],"product_tag":[236,256,247],"class_list":{"0":"post-629","1":"product","2":"type-product","3":"status-publish","4":"has-post-thumbnail","6":"product_cat-silk-robes-and-kimonos","7":"product_tag-25-momme-silk-robe-rose","8":"product_tag-charmeuse-silk-robe-printed","9":"product_tag-supplier-silk-robe-for-women","11":"first","12":"instock","13":"shipping-taxable","14":"purchasable","15":"product-type-simple"},"_links":{"self":[{"href":"https:\/\/silk-pajamas.com\/fr\/wp-json\/wp\/v2\/product\/629","targetHints":{"allow":["GET"]}}],"collection":[{"href":"https:\/\/silk-pajamas.com\/fr\/wp-json\/wp\/v2\/product"}],"about":[{"href":"https:\/\/silk-pajamas.com\/fr\/wp-json\/wp\/v2\/types\/product"}],"wp:featuredmedia":[{"embeddable":true,"href":"https:\/\/silk-pajamas.com\/fr\/wp-json\/wp\/v2\/media\/2372"}],"wp:attachment":[{"href":"https:\/\/silk-pajamas.com\/fr\/wp-json\/wp\/v2\/media?parent=629"}],"wp:term":[{"taxonomy":"product_brand","embeddable":true,"href":"https:\/\/silk-pajamas.com\/fr\/wp-json\/wp\/v2\/product_brand?post=629"},{"taxonomy":"product_cat","embeddable":true,"href":"https:\/\/silk-pajamas.com\/fr\/wp-json\/wp\/v2\/product_cat?post=629"},{"taxonomy":"product_tag","embeddable":true,"href":"https:\/\/silk-pajamas.com\/fr\/wp-json\/wp\/v2\/product_tag?post=629"}],"curies":[{"name":"wp","href":"https:\/\/api.w.org\/{rel}","templated":true}]}}