{"id":631,"date":"2026-04-12T15:43:13","date_gmt":"2026-04-12T15:43:13","guid":{"rendered":"https:\/\/silk-pajamas.com\/19-momme-crepe-silk-kimono-robe-jacquard-lilac\/"},"modified":"2026-05-09T01:54:00","modified_gmt":"2026-05-09T01:54:00","slug":"19-momme-crepe-silk-kimono-robe-jacquard-lilac","status":"publish","type":"product","link":"https:\/\/silk-pajamas.com\/fr\/19-momme-crepe-silk-kimono-robe-jacquard-lilac\/","title":{"rendered":"19 Momme Crepe Silk Kimono Robe Jacquard Lilas"},"content":{"rendered":"<p>Ce peignoir et kimono est r\u00e9alis\u00e9 en cr\u00eape de soie 19 momme dans un ton lilas. Il pr\u00e9sente un jacquard, un toucher doux et un drap\u00e9 confortable pour les programmes de spa. Ce mod\u00e8le convient aux tailles S, M, L et XL et convient parfaitement aux tenues d'\u00e9t\u00e9, aux cadeaux et au confort quotidien. Laver \u00e0 la main \u00e0 froid ou utiliser un cycle d\u00e9licat.<\/p>","protected":false},"excerpt":{"rendered":"<p>19 Peignoir et kimono en cr\u00eape de soie Momme, coloris lilas. Finition jacquard, toucher doux et tailles S, M, L, XL. Con\u00e7u pour les programmes de spa.<\/p>","protected":false},"featured_media":2379,"template":"","meta":{"_gspb_post_css":""},"product_brand":[],"product_cat":[24],"product_tag":[260,261,237],"class_list":{"0":"post-631","1":"product","2":"type-product","3":"status-publish","4":"has-post-thumbnail","6":"product_cat-silk-robes-and-kimonos","7":"product_tag-19-momme-silk-robe-lilac","8":"product_tag-crepe-silk-robe-jacquard","9":"product_tag-wholesale-silk-robe-for-spa-programs","11":"first","12":"instock","13":"shipping-taxable","14":"purchasable","15":"product-type-simple"},"_links":{"self":[{"href":"https:\/\/silk-pajamas.com\/fr\/wp-json\/wp\/v2\/product\/631","targetHints":{"allow":["GET"]}}],"collection":[{"href":"https:\/\/silk-pajamas.com\/fr\/wp-json\/wp\/v2\/product"}],"about":[{"href":"https:\/\/silk-pajamas.com\/fr\/wp-json\/wp\/v2\/types\/product"}],"wp:featuredmedia":[{"embeddable":true,"href":"https:\/\/silk-pajamas.com\/fr\/wp-json\/wp\/v2\/media\/2379"}],"wp:attachment":[{"href":"https:\/\/silk-pajamas.com\/fr\/wp-json\/wp\/v2\/media?parent=631"}],"wp:term":[{"taxonomy":"product_brand","embeddable":true,"href":"https:\/\/silk-pajamas.com\/fr\/wp-json\/wp\/v2\/product_brand?post=631"},{"taxonomy":"product_cat","embeddable":true,"href":"https:\/\/silk-pajamas.com\/fr\/wp-json\/wp\/v2\/product_cat?post=631"},{"taxonomy":"product_tag","embeddable":true,"href":"https:\/\/silk-pajamas.com\/fr\/wp-json\/wp\/v2\/product_tag?post=631"}],"curies":[{"name":"wp","href":"https:\/\/api.w.org\/{rel}","templated":true}]}}