{"id":633,"date":"2026-04-12T15:43:13","date_gmt":"2026-04-12T15:43:13","guid":{"rendered":"https:\/\/silk-pajamas.com\/22-momme-crepe-silk-robe-jacquard-silver-factory\/"},"modified":"2026-05-09T01:55:09","modified_gmt":"2026-05-09T01:55:09","slug":"22-momme-crepe-silk-robe-jacquard-silver-factory","status":"publish","type":"product","link":"https:\/\/silk-pajamas.com\/fr\/22-momme-crepe-silk-robe-jacquard-silver-factory\/","title":{"rendered":"22 Momme Crepe Silk Robe Jacquard Silver Factory"},"content":{"rendered":"<p>R\u00e9alis\u00e9e en cr\u00eape de soie 22 momme, cette robe et ce kimono sont infroissables, doux au toucher et \u00e9l\u00e9gants dans leurs mouvements. La construction jacquard et la couleur argent\u00e9e lui conf\u00e8rent un look raffin\u00e9 pour la garde-robe de la mari\u00e9e. Disponible en taille unique. Laver \u00e0 la main \u00e0 froid ou utiliser un cycle d\u00e9licat.<\/p>","protected":false},"excerpt":{"rendered":"<p>22 Peignoir et kimono en cr\u00eape de soie Momme, coloris argent. Finition jacquard, toucher infroissable et taille unique. Con\u00e7u pour la garde-robe de la mari\u00e9e.<\/p>","protected":false},"featured_media":2255,"template":"","meta":{"_gspb_post_css":""},"product_brand":[],"product_cat":[24],"product_tag":[265,261,230],"class_list":{"0":"post-633","1":"product","2":"type-product","3":"status-publish","4":"has-post-thumbnail","6":"product_cat-silk-robes-and-kimonos","7":"product_tag-22-momme-silk-robe-silver","8":"product_tag-crepe-silk-robe-jacquard","9":"product_tag-vendor-silk-robe-for-bridal-wardrobes","11":"first","12":"instock","13":"featured","14":"shipping-taxable","15":"purchasable","16":"product-type-simple"},"_links":{"self":[{"href":"https:\/\/silk-pajamas.com\/fr\/wp-json\/wp\/v2\/product\/633","targetHints":{"allow":["GET"]}}],"collection":[{"href":"https:\/\/silk-pajamas.com\/fr\/wp-json\/wp\/v2\/product"}],"about":[{"href":"https:\/\/silk-pajamas.com\/fr\/wp-json\/wp\/v2\/types\/product"}],"wp:featuredmedia":[{"embeddable":true,"href":"https:\/\/silk-pajamas.com\/fr\/wp-json\/wp\/v2\/media\/2255"}],"wp:attachment":[{"href":"https:\/\/silk-pajamas.com\/fr\/wp-json\/wp\/v2\/media?parent=633"}],"wp:term":[{"taxonomy":"product_brand","embeddable":true,"href":"https:\/\/silk-pajamas.com\/fr\/wp-json\/wp\/v2\/product_brand?post=633"},{"taxonomy":"product_cat","embeddable":true,"href":"https:\/\/silk-pajamas.com\/fr\/wp-json\/wp\/v2\/product_cat?post=633"},{"taxonomy":"product_tag","embeddable":true,"href":"https:\/\/silk-pajamas.com\/fr\/wp-json\/wp\/v2\/product_tag?post=633"}],"curies":[{"name":"wp","href":"https:\/\/api.w.org\/{rel}","templated":true}]}}