{"id":634,"date":"2026-04-12T15:43:13","date_gmt":"2026-04-12T15:43:13","guid":{"rendered":"https:\/\/silk-pajamas.com\/19-momme-charmeuse-silk-robe-piped-ivory-supplier\/"},"modified":"2026-05-09T01:55:35","modified_gmt":"2026-05-09T01:55:35","slug":"19-momme-charmeuse-silk-robe-piped-ivory-supplier","status":"publish","type":"product","link":"https:\/\/silk-pajamas.com\/fr\/19-momme-charmeuse-silk-robe-piped-ivory-supplier\/","title":{"rendered":"19 Momme Charmeuse Silk Robe Piped Ivory Supplier"},"content":{"rendered":"<p>Fabriqu\u00e9 avec 19 momme de soie charmeuse, ce peignoir et kimono offre un toucher doux, une sensation de douceur sur la peau et un mouvement \u00e9l\u00e9gant. La construction passepoil\u00e9e et la couleur ivoire lui conf\u00e8rent une allure soign\u00e9e pour les programmes de spa. Disponible en S, M, L, XL. Laver \u00e0 la main \u00e0 froid ou utiliser un cycle d\u00e9licat.<\/p>","protected":false},"excerpt":{"rendered":"<p>19 Peignoir et kimono en soie charmeuse de Momme, coloris ivoire. Finition passepoil\u00e9e, toucher doux et tailles S, M, L, XL. Con\u00e7u pour les programmes de spa.<\/p>","protected":false},"featured_media":2247,"template":"","meta":{"_gspb_post_css":""},"product_brand":[],"product_cat":[24],"product_tag":[266,267,224],"class_list":{"0":"post-634","1":"product","2":"type-product","3":"status-publish","4":"has-post-thumbnail","6":"product_cat-silk-robes-and-kimonos","7":"product_tag-19-momme-silk-robe-ivory","8":"product_tag-charmeuse-silk-robe-piped","9":"product_tag-supplier-silk-robe-for-spa-programs","11":"first","12":"instock","13":"shipping-taxable","14":"purchasable","15":"product-type-simple"},"_links":{"self":[{"href":"https:\/\/silk-pajamas.com\/fr\/wp-json\/wp\/v2\/product\/634","targetHints":{"allow":["GET"]}}],"collection":[{"href":"https:\/\/silk-pajamas.com\/fr\/wp-json\/wp\/v2\/product"}],"about":[{"href":"https:\/\/silk-pajamas.com\/fr\/wp-json\/wp\/v2\/types\/product"}],"wp:featuredmedia":[{"embeddable":true,"href":"https:\/\/silk-pajamas.com\/fr\/wp-json\/wp\/v2\/media\/2247"}],"wp:attachment":[{"href":"https:\/\/silk-pajamas.com\/fr\/wp-json\/wp\/v2\/media?parent=634"}],"wp:term":[{"taxonomy":"product_brand","embeddable":true,"href":"https:\/\/silk-pajamas.com\/fr\/wp-json\/wp\/v2\/product_brand?post=634"},{"taxonomy":"product_cat","embeddable":true,"href":"https:\/\/silk-pajamas.com\/fr\/wp-json\/wp\/v2\/product_cat?post=634"},{"taxonomy":"product_tag","embeddable":true,"href":"https:\/\/silk-pajamas.com\/fr\/wp-json\/wp\/v2\/product_tag?post=634"}],"curies":[{"name":"wp","href":"https:\/\/api.w.org\/{rel}","templated":true}]}}