{"id":635,"date":"2026-04-12T15:43:13","date_gmt":"2026-04-12T15:43:13","guid":{"rendered":"https:\/\/silk-pajamas.com\/19-momme-crepe-silk-kimono-robe-jacquard-lilac-oeko-tex\/"},"modified":"2026-05-09T01:56:04","modified_gmt":"2026-05-09T01:56:04","slug":"19-momme-crepe-silk-kimono-robe-jacquard-lilac-oeko-tex","status":"publish","type":"product","link":"https:\/\/silk-pajamas.com\/fr\/19-momme-crepe-silk-kimono-robe-jacquard-lilac-oeko-tex\/","title":{"rendered":"19 Momme Cr\u00eape soie Kimono Robe Jacquard Lilas OEKO-TEX"},"content":{"rendered":"<p>R\u00e9alis\u00e9e en cr\u00eape de soie 19 momme, cette robe de chambre et ce kimono offrent un toucher doux et respirant, ainsi qu'un mouvement \u00e9l\u00e9gant. La construction jacquard et la couleur lilas lui conf\u00e8rent un look raffin\u00e9 pour la garde-robe de mari\u00e9e. Disponible en S, M, L, XL. Laver \u00e0 la main \u00e0 froid ou utiliser un cycle d\u00e9licat.<\/p>","protected":false},"excerpt":{"rendered":"<p>19 Peignoir et kimono en cr\u00eape de soie Momme, coloris lilas. Finition jacquard, sensation de respirabilit\u00e9 et gamme de tailles S, M, L, XL. Con\u00e7u pour la garde-robe de la mari\u00e9e.<\/p>","protected":false},"featured_media":2379,"template":"","meta":{"_gspb_post_css":""},"product_brand":[],"product_cat":[24],"product_tag":[260,261,268],"class_list":{"0":"post-635","1":"product","2":"type-product","3":"status-publish","4":"has-post-thumbnail","6":"product_cat-silk-robes-and-kimonos","7":"product_tag-19-momme-silk-robe-lilac","8":"product_tag-crepe-silk-robe-jacquard","9":"product_tag-manufacturer-silk-robe-for-bridal-wardrobes","11":"first","12":"instock","13":"shipping-taxable","14":"purchasable","15":"product-type-simple"},"_links":{"self":[{"href":"https:\/\/silk-pajamas.com\/fr\/wp-json\/wp\/v2\/product\/635","targetHints":{"allow":["GET"]}}],"collection":[{"href":"https:\/\/silk-pajamas.com\/fr\/wp-json\/wp\/v2\/product"}],"about":[{"href":"https:\/\/silk-pajamas.com\/fr\/wp-json\/wp\/v2\/types\/product"}],"wp:featuredmedia":[{"embeddable":true,"href":"https:\/\/silk-pajamas.com\/fr\/wp-json\/wp\/v2\/media\/2379"}],"wp:attachment":[{"href":"https:\/\/silk-pajamas.com\/fr\/wp-json\/wp\/v2\/media?parent=635"}],"wp:term":[{"taxonomy":"product_brand","embeddable":true,"href":"https:\/\/silk-pajamas.com\/fr\/wp-json\/wp\/v2\/product_brand?post=635"},{"taxonomy":"product_cat","embeddable":true,"href":"https:\/\/silk-pajamas.com\/fr\/wp-json\/wp\/v2\/product_cat?post=635"},{"taxonomy":"product_tag","embeddable":true,"href":"https:\/\/silk-pajamas.com\/fr\/wp-json\/wp\/v2\/product_tag?post=635"}],"curies":[{"name":"wp","href":"https:\/\/api.w.org\/{rel}","templated":true}]}}