{"id":636,"date":"2026-04-12T15:43:13","date_gmt":"2026-04-12T15:43:13","guid":{"rendered":"https:\/\/silk-pajamas.com\/22-momme-sandwashed-silk-kimono-robe-piped-coffee\/"},"modified":"2026-05-09T02:29:54","modified_gmt":"2026-05-09T02:29:54","slug":"22-momme-sandwashed-silk-kimono-robe-piped-coffee","status":"publish","type":"product","link":"https:\/\/silk-pajamas.com\/fr\/22-momme-sandwashed-silk-kimono-robe-piped-coffee\/","title":{"rendered":"22 Momme Sandwashed Silk Kimono Robe Piped Coffee"},"content":{"rendered":"<p>R\u00e9alis\u00e9e en soie chin\u00e9e 22 momme, cette robe de chambre et ce kimono superpos\u00e9s sont l\u00e9gers, doux au toucher et \u00e9l\u00e9gants au niveau du mouvement. La construction passepoil\u00e9e et la couleur caf\u00e9 lui conf\u00e8rent un look raffin\u00e9 pour la garde-robe de mari\u00e9e. Disponible en S, M, L, XL. Laver \u00e0 la main \u00e0 froid ou utiliser un cycle d\u00e9licat.<\/p>","protected":false},"excerpt":{"rendered":"<p>22 Momme Peignoir et kimono en soie lav\u00e9e au jet d'eau, coloris caf\u00e9. Finition passepoil\u00e9e, l\u00e9g\u00e8ret\u00e9 et tailles S, M, L, XL. Con\u00e7u pour la garde-robe des mari\u00e9es.<\/p>","protected":false},"featured_media":2381,"template":"","meta":{"_gspb_post_css":""},"product_brand":[],"product_cat":[24],"product_tag":[269,270,230],"class_list":{"0":"post-636","1":"product","2":"type-product","3":"status-publish","4":"has-post-thumbnail","6":"product_cat-silk-robes-and-kimonos","7":"product_tag-22-momme-silk-robe-coffee","8":"product_tag-sandwashed-silk-robe-piped","9":"product_tag-vendor-silk-robe-for-bridal-wardrobes","11":"first","12":"instock","13":"shipping-taxable","14":"purchasable","15":"product-type-simple"},"_links":{"self":[{"href":"https:\/\/silk-pajamas.com\/fr\/wp-json\/wp\/v2\/product\/636","targetHints":{"allow":["GET"]}}],"collection":[{"href":"https:\/\/silk-pajamas.com\/fr\/wp-json\/wp\/v2\/product"}],"about":[{"href":"https:\/\/silk-pajamas.com\/fr\/wp-json\/wp\/v2\/types\/product"}],"wp:featuredmedia":[{"embeddable":true,"href":"https:\/\/silk-pajamas.com\/fr\/wp-json\/wp\/v2\/media\/2381"}],"wp:attachment":[{"href":"https:\/\/silk-pajamas.com\/fr\/wp-json\/wp\/v2\/media?parent=636"}],"wp:term":[{"taxonomy":"product_brand","embeddable":true,"href":"https:\/\/silk-pajamas.com\/fr\/wp-json\/wp\/v2\/product_brand?post=636"},{"taxonomy":"product_cat","embeddable":true,"href":"https:\/\/silk-pajamas.com\/fr\/wp-json\/wp\/v2\/product_cat?post=636"},{"taxonomy":"product_tag","embeddable":true,"href":"https:\/\/silk-pajamas.com\/fr\/wp-json\/wp\/v2\/product_tag?post=636"}],"curies":[{"name":"wp","href":"https:\/\/api.w.org\/{rel}","templated":true}]}}