{"id":637,"date":"2026-04-12T15:43:13","date_gmt":"2026-04-12T15:43:13","guid":{"rendered":"https:\/\/silk-pajamas.com\/22-momme-crepe-silk-lounge-bottoms-piped-leopard-vendor\/"},"modified":"2026-05-09T07:16:42","modified_gmt":"2026-05-09T07:16:42","slug":"22-momme-crepe-silk-lounge-bottoms-piped-leopard-vendor","status":"publish","type":"product","link":"https:\/\/silk-pajamas.com\/fr\/22-momme-crepe-silk-lounge-bottoms-piped-leopard-vendor\/","title":{"rendered":"22 Momme Crepe Silk Lounge Bottoms Piped Leopard Vendor"},"content":{"rendered":"<p>Cette culotte de nuit est fabriqu\u00e9e en cr\u00eape de soie 22 momme dans un ton l\u00e9opard. Il pr\u00e9sente des passepoils, un toucher doux et un drap\u00e9 confortable pour les femmes et les hommes. Ce mod\u00e8le convient aux tailles XS, S, M, L, XL, XXL et convient parfaitement aux tenues d'\u00e9t\u00e9, aux cadeaux et au confort quotidien. Laver \u00e0 la main \u00e0 froid ou utiliser un cycle d\u00e9licat.<\/p>","protected":false},"excerpt":{"rendered":"<p>22 Culotte de nuit en cr\u00eape de soie Momme, coloris l\u00e9opard. Finition passepoil\u00e9e, sensation de respirabilit\u00e9 et gamme de tailles XS, S, M, L, XL, XXL. Con\u00e7u pour les femmes et les hommes.<\/p>","protected":false},"featured_media":2331,"template":"","meta":{"_gspb_post_css":""},"product_brand":[],"product_cat":[26],"product_tag":[271,272,273],"class_list":{"0":"post-637","1":"product","2":"type-product","3":"status-publish","4":"has-post-thumbnail","6":"product_cat-silk-sleep-bottoms","7":"product_tag-22-momme-silk-sleep-pants-leopard","8":"product_tag-crepe-silk-sleep-pants-piped","9":"product_tag-vendor-silk-sleep-pants-for-women-and-men","11":"first","12":"instock","13":"featured","14":"shipping-taxable","15":"purchasable","16":"product-type-simple"},"_links":{"self":[{"href":"https:\/\/silk-pajamas.com\/fr\/wp-json\/wp\/v2\/product\/637","targetHints":{"allow":["GET"]}}],"collection":[{"href":"https:\/\/silk-pajamas.com\/fr\/wp-json\/wp\/v2\/product"}],"about":[{"href":"https:\/\/silk-pajamas.com\/fr\/wp-json\/wp\/v2\/types\/product"}],"wp:featuredmedia":[{"embeddable":true,"href":"https:\/\/silk-pajamas.com\/fr\/wp-json\/wp\/v2\/media\/2331"}],"wp:attachment":[{"href":"https:\/\/silk-pajamas.com\/fr\/wp-json\/wp\/v2\/media?parent=637"}],"wp:term":[{"taxonomy":"product_brand","embeddable":true,"href":"https:\/\/silk-pajamas.com\/fr\/wp-json\/wp\/v2\/product_brand?post=637"},{"taxonomy":"product_cat","embeddable":true,"href":"https:\/\/silk-pajamas.com\/fr\/wp-json\/wp\/v2\/product_cat?post=637"},{"taxonomy":"product_tag","embeddable":true,"href":"https:\/\/silk-pajamas.com\/fr\/wp-json\/wp\/v2\/product_tag?post=637"}],"curies":[{"name":"wp","href":"https:\/\/api.w.org\/{rel}","templated":true}]}}