{"id":639,"date":"2026-04-12T15:43:14","date_gmt":"2026-04-12T15:43:14","guid":{"rendered":"https:\/\/silk-pajamas.com\/16-momme-mulberry-silk-sleep-shorts-piped-black-manufacturer\/"},"modified":"2026-05-08T12:48:16","modified_gmt":"2026-05-08T12:48:16","slug":"16-momme-mulberry-silk-sleep-shorts-piped-black-manufacturer","status":"publish","type":"product","link":"https:\/\/silk-pajamas.com\/fr\/16-momme-mulberry-silk-sleep-shorts-piped-black-manufacturer\/","title":{"rendered":"16 Momme Short de nuit en soie de m\u00fbrier passepoil\u00e9 noir Fabricant"},"content":{"rendered":"<p>Fabriqu\u00e9 avec de la soie de m\u00fbrier de 16 mm, ce bas de pyjama est respirant, doux au toucher et offre des mouvements \u00e9l\u00e9gants. La construction passepoil\u00e9e et la couleur noire lui conf\u00e8rent une allure soign\u00e9e pour les voyages. Disponible en S, M, L, XL. Laver \u00e0 la main \u00e0 froid ou utiliser un cycle d\u00e9licat.<\/p>","protected":false},"excerpt":{"rendered":"<p>16 Culottes de nuit en soie Momme Mulberry en noir. Finition passepoil\u00e9e, sensation de respirabilit\u00e9 et tailles S, M, L, XL. Con\u00e7u pour le voyage.<\/p>","protected":false},"featured_media":2340,"template":"","meta":{"_gspb_post_css":""},"product_brand":[],"product_cat":[26],"product_tag":[277,278,279],"class_list":{"0":"post-639","1":"product","2":"type-product","3":"status-publish","4":"has-post-thumbnail","6":"product_cat-silk-sleep-bottoms","7":"product_tag-16-momme-silk-sleep-pants-black","8":"product_tag-mulberry-silk-sleep-pants-piped","9":"product_tag-wholesale-silk-sleep-pants-for-travel-use","11":"first","12":"instock","13":"shipping-taxable","14":"purchasable","15":"product-type-simple"},"_links":{"self":[{"href":"https:\/\/silk-pajamas.com\/fr\/wp-json\/wp\/v2\/product\/639","targetHints":{"allow":["GET"]}}],"collection":[{"href":"https:\/\/silk-pajamas.com\/fr\/wp-json\/wp\/v2\/product"}],"about":[{"href":"https:\/\/silk-pajamas.com\/fr\/wp-json\/wp\/v2\/types\/product"}],"wp:featuredmedia":[{"embeddable":true,"href":"https:\/\/silk-pajamas.com\/fr\/wp-json\/wp\/v2\/media\/2340"}],"wp:attachment":[{"href":"https:\/\/silk-pajamas.com\/fr\/wp-json\/wp\/v2\/media?parent=639"}],"wp:term":[{"taxonomy":"product_brand","embeddable":true,"href":"https:\/\/silk-pajamas.com\/fr\/wp-json\/wp\/v2\/product_brand?post=639"},{"taxonomy":"product_cat","embeddable":true,"href":"https:\/\/silk-pajamas.com\/fr\/wp-json\/wp\/v2\/product_cat?post=639"},{"taxonomy":"product_tag","embeddable":true,"href":"https:\/\/silk-pajamas.com\/fr\/wp-json\/wp\/v2\/product_tag?post=639"}],"curies":[{"name":"wp","href":"https:\/\/api.w.org\/{rel}","templated":true}]}}