{"id":640,"date":"2026-04-12T15:43:14","date_gmt":"2026-04-12T15:43:14","guid":{"rendered":"https:\/\/silk-pajamas.com\/22-momme-crepe-silk-lounge-bottoms-drawstring-black\/"},"modified":"2026-05-08T12:50:55","modified_gmt":"2026-05-08T12:50:55","slug":"22-momme-crepe-silk-lounge-bottoms-drawstring-black","status":"publish","type":"product","link":"https:\/\/silk-pajamas.com\/fr\/22-momme-crepe-silk-lounge-bottoms-drawstring-black\/","title":{"rendered":"22 Momme Crepe Silk Lounge Bottoms Drawstring Black"},"content":{"rendered":"<p>Fabriqu\u00e9 en cr\u00eape de soie 22 momme, ce pantalon de nuit offre un drap\u00e9 lisse, un toucher doux et des mouvements \u00e9l\u00e9gants. Le cordon de serrage et la couleur noire conf\u00e8rent un look raffin\u00e9 aux femmes et aux hommes. Disponible en version personnalis\u00e9e. Laver \u00e0 la main \u00e0 froid ou utiliser un cycle d\u00e9licat.<\/p>","protected":false},"excerpt":{"rendered":"<p>22 Culotte de nuit en cr\u00eape de soie Momme, coloris noir. Finition avec cordon de serrage, sensation de drap\u00e9 lisse et gamme de tailles sur mesure. Con\u00e7u pour les femmes et les hommes.<\/p>","protected":false},"featured_media":2343,"template":"","meta":{"_gspb_post_css":""},"product_brand":[],"product_cat":[26],"product_tag":[280,281,282],"class_list":{"0":"post-640","1":"product","2":"type-product","3":"status-publish","4":"has-post-thumbnail","6":"product_cat-silk-sleep-bottoms","7":"product_tag-22-momme-silk-sleep-pants-black","8":"product_tag-crepe-silk-sleep-pants-drawstring","9":"product_tag-factory-silk-sleep-pants-for-women-and-men","11":"first","12":"instock","13":"shipping-taxable","14":"purchasable","15":"product-type-simple"},"_links":{"self":[{"href":"https:\/\/silk-pajamas.com\/fr\/wp-json\/wp\/v2\/product\/640","targetHints":{"allow":["GET"]}}],"collection":[{"href":"https:\/\/silk-pajamas.com\/fr\/wp-json\/wp\/v2\/product"}],"about":[{"href":"https:\/\/silk-pajamas.com\/fr\/wp-json\/wp\/v2\/types\/product"}],"wp:featuredmedia":[{"embeddable":true,"href":"https:\/\/silk-pajamas.com\/fr\/wp-json\/wp\/v2\/media\/2343"}],"wp:attachment":[{"href":"https:\/\/silk-pajamas.com\/fr\/wp-json\/wp\/v2\/media?parent=640"}],"wp:term":[{"taxonomy":"product_brand","embeddable":true,"href":"https:\/\/silk-pajamas.com\/fr\/wp-json\/wp\/v2\/product_brand?post=640"},{"taxonomy":"product_cat","embeddable":true,"href":"https:\/\/silk-pajamas.com\/fr\/wp-json\/wp\/v2\/product_cat?post=640"},{"taxonomy":"product_tag","embeddable":true,"href":"https:\/\/silk-pajamas.com\/fr\/wp-json\/wp\/v2\/product_tag?post=640"}],"curies":[{"name":"wp","href":"https:\/\/api.w.org\/{rel}","templated":true}]}}