{"id":644,"date":"2026-04-12T15:43:14","date_gmt":"2026-04-12T15:43:14","guid":{"rendered":"https:\/\/silk-pajamas.com\/19-momme-sandwashed-silk-lounge-bottoms-piped-black\/"},"modified":"2026-05-08T12:57:29","modified_gmt":"2026-05-08T12:57:29","slug":"19-momme-sandwashed-silk-lounge-bottoms-piped-black","status":"publish","type":"product","link":"https:\/\/silk-pajamas.com\/fr\/19-momme-sandwashed-silk-lounge-bottoms-piped-black\/","title":{"rendered":"19 Momme Sandwashed Silk Lounge Bottoms Piped Black (Bas confort en soie lav\u00e9e)"},"content":{"rendered":"<p>Fabriqu\u00e9 avec de la soie chin\u00e9e de 19 mm, ce pantalon de nuit offre un drap\u00e9 doux, un toucher agr\u00e9able et des mouvements \u00e9l\u00e9gants. La construction passepoil\u00e9e et la couleur noire lui conf\u00e8rent un look raffin\u00e9 pour les hommes. Disponible en XS, S, M, L, XL, XXL. Laver \u00e0 la main \u00e0 froid ou utiliser un cycle d\u00e9licat.<\/p>","protected":false},"excerpt":{"rendered":"<p>19 Momme Sandwashed, bas de pyjama en soie, noir. Finition passepoil\u00e9e, sensation de drap\u00e9 lisse et gamme de tailles XS, S, M, L, XL, XXL. Con\u00e7u pour les hommes.<\/p>","protected":false},"featured_media":2345,"template":"","meta":{"_gspb_post_css":""},"product_brand":[],"product_cat":[26],"product_tag":[289,290,287],"class_list":{"0":"post-644","1":"product","2":"type-product","3":"status-publish","4":"has-post-thumbnail","6":"product_cat-silk-sleep-bottoms","7":"product_tag-19-momme-silk-sleep-pants-black","8":"product_tag-sandwashed-silk-sleep-pants-piped","9":"product_tag-wholesale-silk-sleep-pants-for-men","11":"first","12":"instock","13":"shipping-taxable","14":"purchasable","15":"product-type-simple"},"_links":{"self":[{"href":"https:\/\/silk-pajamas.com\/fr\/wp-json\/wp\/v2\/product\/644","targetHints":{"allow":["GET"]}}],"collection":[{"href":"https:\/\/silk-pajamas.com\/fr\/wp-json\/wp\/v2\/product"}],"about":[{"href":"https:\/\/silk-pajamas.com\/fr\/wp-json\/wp\/v2\/types\/product"}],"wp:featuredmedia":[{"embeddable":true,"href":"https:\/\/silk-pajamas.com\/fr\/wp-json\/wp\/v2\/media\/2345"}],"wp:attachment":[{"href":"https:\/\/silk-pajamas.com\/fr\/wp-json\/wp\/v2\/media?parent=644"}],"wp:term":[{"taxonomy":"product_brand","embeddable":true,"href":"https:\/\/silk-pajamas.com\/fr\/wp-json\/wp\/v2\/product_brand?post=644"},{"taxonomy":"product_cat","embeddable":true,"href":"https:\/\/silk-pajamas.com\/fr\/wp-json\/wp\/v2\/product_cat?post=644"},{"taxonomy":"product_tag","embeddable":true,"href":"https:\/\/silk-pajamas.com\/fr\/wp-json\/wp\/v2\/product_tag?post=644"}],"curies":[{"name":"wp","href":"https:\/\/api.w.org\/{rel}","templated":true}]}}