{"id":645,"date":"2026-04-12T15:43:14","date_gmt":"2026-04-12T15:43:14","guid":{"rendered":"https:\/\/silk-pajamas.com\/22-momme-charmeuse-silk-sleep-shorts-wide-leg-floral\/"},"modified":"2026-05-08T12:59:07","modified_gmt":"2026-05-08T12:59:07","slug":"22-momme-charmeuse-silk-sleep-shorts-wide-leg-floral","status":"publish","type":"product","link":"https:\/\/silk-pajamas.com\/fr\/22-momme-charmeuse-silk-sleep-shorts-wide-leg-floral\/","title":{"rendered":"22 Momme Charmeuse Silk Sleep Shorts Wide Leg Floral"},"content":{"rendered":"<p>Confectionn\u00e9 en 22 momme charmeuse de soie, ce pantalon de nuit associe une jambe large \u00e0 une brillance douce et \u00e0 un toucher respirant. La finition florale lui conf\u00e8re une allure raffin\u00e9e, tandis que les tailles XS, S, M, L, XL et XXL permettent de r\u00e9pondre aux besoins essentiels. Convient aux hommes et aux garde-robes de printemps. Laver \u00e0 la main \u00e0 froid ou utiliser un cycle d\u00e9licat.<\/p>","protected":false},"excerpt":{"rendered":"<p>22 Culotte de nuit en soie Momme Charmeuse, coloris floral. Finition jambes larges, drap\u00e9 doux et gamme de tailles XS, S, M, L, XL, XXL. Con\u00e7u pour les hommes.<\/p>","protected":false},"featured_media":2355,"template":"","meta":{"_gspb_post_css":""},"product_brand":[],"product_cat":[26],"product_tag":[291,292,293],"class_list":{"0":"post-645","1":"product","2":"type-product","3":"status-publish","4":"has-post-thumbnail","6":"product_cat-silk-sleep-bottoms","7":"product_tag-22-momme-silk-sleep-pants-floral","8":"product_tag-charmeuse-silk-sleep-pants-wide-leg","9":"product_tag-manufacturer-silk-sleep-pants-for-men","11":"first","12":"instock","13":"shipping-taxable","14":"purchasable","15":"product-type-simple"},"_links":{"self":[{"href":"https:\/\/silk-pajamas.com\/fr\/wp-json\/wp\/v2\/product\/645","targetHints":{"allow":["GET"]}}],"collection":[{"href":"https:\/\/silk-pajamas.com\/fr\/wp-json\/wp\/v2\/product"}],"about":[{"href":"https:\/\/silk-pajamas.com\/fr\/wp-json\/wp\/v2\/types\/product"}],"wp:featuredmedia":[{"embeddable":true,"href":"https:\/\/silk-pajamas.com\/fr\/wp-json\/wp\/v2\/media\/2355"}],"wp:attachment":[{"href":"https:\/\/silk-pajamas.com\/fr\/wp-json\/wp\/v2\/media?parent=645"}],"wp:term":[{"taxonomy":"product_brand","embeddable":true,"href":"https:\/\/silk-pajamas.com\/fr\/wp-json\/wp\/v2\/product_brand?post=645"},{"taxonomy":"product_cat","embeddable":true,"href":"https:\/\/silk-pajamas.com\/fr\/wp-json\/wp\/v2\/product_cat?post=645"},{"taxonomy":"product_tag","embeddable":true,"href":"https:\/\/silk-pajamas.com\/fr\/wp-json\/wp\/v2\/product_tag?post=645"}],"curies":[{"name":"wp","href":"https:\/\/api.w.org\/{rel}","templated":true}]}}