{"id":647,"date":"2026-04-12T15:43:14","date_gmt":"2026-04-12T15:43:14","guid":{"rendered":"https:\/\/silk-pajamas.com\/22-momme-charmeuse-silk-lounge-bottoms-piped-sky-blue\/"},"modified":"2026-05-08T13:00:02","modified_gmt":"2026-05-08T13:00:02","slug":"22-momme-charmeuse-silk-lounge-bottoms-piped-sky-blue","status":"publish","type":"product","link":"https:\/\/silk-pajamas.com\/fr\/22-momme-charmeuse-silk-lounge-bottoms-piped-sky-blue\/","title":{"rendered":"22 Momme Charmeuse Silk Lounge Bottoms Piped Sky Blue"},"content":{"rendered":"<p>Fabriqu\u00e9 \u00e0 partir de 22 momme charmeuse de soie, ce pantalon de nuit est infroissable, doux au toucher et offre un mouvement \u00e9l\u00e9gant. La construction passepoil\u00e9e et la couleur bleu ciel lui conf\u00e8rent une allure \u00e9l\u00e9gante pour les hommes. Disponible en XS, S, M, L, XL, XXL. Laver \u00e0 la main \u00e0 froid ou utiliser un cycle d\u00e9licat.<\/p>","protected":false},"excerpt":{"rendered":"<p>22 Culotte de nuit en soie Momme Charmeuse, bleu ciel. Finition passepoil\u00e9e, toucher infroissable et gamme de tailles XS, S, M, L, XL, XXL. Con\u00e7u pour les hommes.<\/p>","protected":false},"featured_media":2318,"template":"","meta":{"_gspb_post_css":""},"product_brand":[],"product_cat":[26],"product_tag":[295,296,297],"class_list":{"0":"post-647","1":"product","2":"type-product","3":"status-publish","4":"has-post-thumbnail","6":"product_cat-silk-sleep-bottoms","7":"product_tag-22-momme-silk-sleep-pants-sky-blue","8":"product_tag-charmeuse-silk-sleep-pants-piped","9":"product_tag-factory-silk-sleep-pants-for-men","11":"first","12":"instock","13":"featured","14":"shipping-taxable","15":"purchasable","16":"product-type-simple"},"_links":{"self":[{"href":"https:\/\/silk-pajamas.com\/fr\/wp-json\/wp\/v2\/product\/647","targetHints":{"allow":["GET"]}}],"collection":[{"href":"https:\/\/silk-pajamas.com\/fr\/wp-json\/wp\/v2\/product"}],"about":[{"href":"https:\/\/silk-pajamas.com\/fr\/wp-json\/wp\/v2\/types\/product"}],"wp:featuredmedia":[{"embeddable":true,"href":"https:\/\/silk-pajamas.com\/fr\/wp-json\/wp\/v2\/media\/2318"}],"wp:attachment":[{"href":"https:\/\/silk-pajamas.com\/fr\/wp-json\/wp\/v2\/media?parent=647"}],"wp:term":[{"taxonomy":"product_brand","embeddable":true,"href":"https:\/\/silk-pajamas.com\/fr\/wp-json\/wp\/v2\/product_brand?post=647"},{"taxonomy":"product_cat","embeddable":true,"href":"https:\/\/silk-pajamas.com\/fr\/wp-json\/wp\/v2\/product_cat?post=647"},{"taxonomy":"product_tag","embeddable":true,"href":"https:\/\/silk-pajamas.com\/fr\/wp-json\/wp\/v2\/product_tag?post=647"}],"curies":[{"name":"wp","href":"https:\/\/api.w.org\/{rel}","templated":true}]}}