{"id":649,"date":"2026-04-12T15:43:14","date_gmt":"2026-04-12T15:43:14","guid":{"rendered":"https:\/\/silk-pajamas.com\/25-momme-mulberry-silk-lounge-bottoms-elastic-waist-leopard\/"},"modified":"2026-05-08T13:04:19","modified_gmt":"2026-05-08T13:04:19","slug":"25-momme-mulberry-silk-lounge-bottoms-elastic-waist-leopard","status":"publish","type":"product","link":"https:\/\/silk-pajamas.com\/fr\/25-momme-mulberry-silk-lounge-bottoms-elastic-waist-leopard\/","title":{"rendered":"25 Momme Mulberry Silk Lounge Bottoms Elastic Waist Leopard"},"content":{"rendered":"<p>Confectionn\u00e9 en soie de m\u00fbrier de 25 mm, ce pantalon de nuit associe une taille \u00e9lastique \u00e0 une brillance douce et \u00e0 une sensation de respirabilit\u00e9. La finition l\u00e9opard lui conf\u00e8re un look raffin\u00e9, tandis que les tailles XS, S, M, L, XL et XXL permettent de r\u00e9pondre aux besoins essentiels. Convient aux femmes et \u00e0 la garde-robe d'\u00e9t\u00e9. Laver \u00e0 la main \u00e0 froid ou utiliser un cycle d\u00e9licat.<\/p>","protected":false},"excerpt":{"rendered":"<p>25 Culotte de nuit en soie Momme Mulberry, coloris l\u00e9opard. Finition \u00e9lastique \u00e0 la taille, sensation de l\u00e9g\u00e8ret\u00e9 et gamme de tailles XS, S, M, L, XL, XXL. Con\u00e7u pour les femmes.<\/p>","protected":false},"featured_media":2333,"template":"","meta":{"_gspb_post_css":""},"product_brand":[],"product_cat":[26],"product_tag":[300,302,301],"class_list":{"0":"post-649","1":"product","2":"type-product","3":"status-publish","4":"has-post-thumbnail","6":"product_cat-silk-sleep-bottoms","7":"product_tag-25-momme-silk-sleep-pants-leopard","8":"product_tag-manufacturer-silk-sleep-pants-for-women","9":"product_tag-mulberry-silk-sleep-pants-elastic-waist","11":"first","12":"instock","13":"shipping-taxable","14":"purchasable","15":"product-type-simple"},"_links":{"self":[{"href":"https:\/\/silk-pajamas.com\/fr\/wp-json\/wp\/v2\/product\/649","targetHints":{"allow":["GET"]}}],"collection":[{"href":"https:\/\/silk-pajamas.com\/fr\/wp-json\/wp\/v2\/product"}],"about":[{"href":"https:\/\/silk-pajamas.com\/fr\/wp-json\/wp\/v2\/types\/product"}],"wp:featuredmedia":[{"embeddable":true,"href":"https:\/\/silk-pajamas.com\/fr\/wp-json\/wp\/v2\/media\/2333"}],"wp:attachment":[{"href":"https:\/\/silk-pajamas.com\/fr\/wp-json\/wp\/v2\/media?parent=649"}],"wp:term":[{"taxonomy":"product_brand","embeddable":true,"href":"https:\/\/silk-pajamas.com\/fr\/wp-json\/wp\/v2\/product_brand?post=649"},{"taxonomy":"product_cat","embeddable":true,"href":"https:\/\/silk-pajamas.com\/fr\/wp-json\/wp\/v2\/product_cat?post=649"},{"taxonomy":"product_tag","embeddable":true,"href":"https:\/\/silk-pajamas.com\/fr\/wp-json\/wp\/v2\/product_tag?post=649"}],"curies":[{"name":"wp","href":"https:\/\/api.w.org\/{rel}","templated":true}]}}