{"id":650,"date":"2026-04-12T15:43:14","date_gmt":"2026-04-12T15:43:14","guid":{"rendered":"https:\/\/silk-pajamas.com\/19-momme-mulberry-silk-lounge-bottoms-ankle-length-silver\/"},"modified":"2026-05-08T13:06:02","modified_gmt":"2026-05-08T13:06:02","slug":"19-momme-mulberry-silk-lounge-bottoms-ankle-length-silver","status":"publish","type":"product","link":"https:\/\/silk-pajamas.com\/fr\/19-momme-mulberry-silk-lounge-bottoms-ankle-length-silver\/","title":{"rendered":"19 Momme Mulberry Silk Lounge Bottoms Ankle Length Silver"},"content":{"rendered":"<p>Confectionn\u00e9 en soie de m\u00fbrier 19 momme, ce pantalon de nuit allie la longueur \u00e0 la cheville \u00e0 une brillance douce et \u00e0 une sensation de respirabilit\u00e9. La finition argent\u00e9e lui conf\u00e8re un aspect raffin\u00e9, tandis que les tailles S, M, L et XL permettent de r\u00e9pondre \u00e0 toutes les demandes. Convient aux hommes et \u00e0 la garde-robe d'\u00e9t\u00e9. Laver \u00e0 la main \u00e0 froid ou utiliser un cycle d\u00e9licat.<\/p>","protected":false},"excerpt":{"rendered":"<p>19 Momme Culotte de nuit en soie de m\u00fbrier en argent. Finition longueur cheville, sensation de l\u00e9g\u00e8ret\u00e9 et tailles S, M, L, XL. Con\u00e7u pour les hommes.<\/p>","protected":false},"featured_media":2361,"template":"","meta":{"_gspb_post_css":""},"product_brand":[],"product_cat":[26],"product_tag":[303,297,304],"class_list":{"0":"post-650","1":"product","2":"type-product","3":"status-publish","4":"has-post-thumbnail","6":"product_cat-silk-sleep-bottoms","7":"product_tag-19-momme-silk-sleep-pants-silver","8":"product_tag-factory-silk-sleep-pants-for-men","9":"product_tag-mulberry-silk-sleep-pants-ankle-length","11":"first","12":"instock","13":"shipping-taxable","14":"purchasable","15":"product-type-simple"},"_links":{"self":[{"href":"https:\/\/silk-pajamas.com\/fr\/wp-json\/wp\/v2\/product\/650","targetHints":{"allow":["GET"]}}],"collection":[{"href":"https:\/\/silk-pajamas.com\/fr\/wp-json\/wp\/v2\/product"}],"about":[{"href":"https:\/\/silk-pajamas.com\/fr\/wp-json\/wp\/v2\/types\/product"}],"wp:featuredmedia":[{"embeddable":true,"href":"https:\/\/silk-pajamas.com\/fr\/wp-json\/wp\/v2\/media\/2361"}],"wp:attachment":[{"href":"https:\/\/silk-pajamas.com\/fr\/wp-json\/wp\/v2\/media?parent=650"}],"wp:term":[{"taxonomy":"product_brand","embeddable":true,"href":"https:\/\/silk-pajamas.com\/fr\/wp-json\/wp\/v2\/product_brand?post=650"},{"taxonomy":"product_cat","embeddable":true,"href":"https:\/\/silk-pajamas.com\/fr\/wp-json\/wp\/v2\/product_cat?post=650"},{"taxonomy":"product_tag","embeddable":true,"href":"https:\/\/silk-pajamas.com\/fr\/wp-json\/wp\/v2\/product_tag?post=650"}],"curies":[{"name":"wp","href":"https:\/\/api.w.org\/{rel}","templated":true}]}}