{"id":654,"date":"2026-04-12T15:43:15","date_gmt":"2026-04-12T15:43:15","guid":{"rendered":"https:\/\/silk-pajamas.com\/22-momme-crepe-silk-sleep-shorts-pocketed-coffee\/"},"modified":"2026-05-08T12:26:52","modified_gmt":"2026-05-08T12:26:52","slug":"22-momme-crepe-silk-sleep-shorts-pocketed-coffee","status":"publish","type":"product","link":"https:\/\/silk-pajamas.com\/fr\/22-momme-crepe-silk-sleep-shorts-pocketed-coffee\/","title":{"rendered":"22 Momme Crepe Silk Sleep Shorts Pocketed Coffee"},"content":{"rendered":"<p>Ce pantalon de nuit est fabriqu\u00e9 \u00e0 partir de 22 momme de cr\u00eape de soie dans un ton caf\u00e9. Il pr\u00e9sente des poches, un toucher doux et un drap\u00e9 confortable pour les hommes. Ce mod\u00e8le est adapt\u00e9 aux tailles personnalis\u00e9es et convient parfaitement aux v\u00eatements de toutes saisons, aux cadeaux et au confort quotidien. Laver \u00e0 la main \u00e0 froid ou utiliser un cycle d\u00e9licat.<\/p>","protected":false},"excerpt":{"rendered":"<p>22 Culottes de nuit en cr\u00eape de soie Momme, coloris caf\u00e9. Finition empoch\u00e9e, toucher infroissable et gamme de tailles sur mesure. Con\u00e7u pour les hommes.<\/p>","protected":false},"featured_media":2321,"template":"","meta":{"_gspb_post_css":""},"product_brand":[],"product_cat":[26],"product_tag":[310,311,312],"class_list":{"0":"post-654","1":"product","2":"type-product","3":"status-publish","4":"has-post-thumbnail","6":"product_cat-silk-sleep-bottoms","7":"product_tag-22-momme-silk-sleep-pants-coffee","8":"product_tag-crepe-silk-sleep-pants-pocketed","9":"product_tag-supplier-silk-sleep-pants-for-men","11":"first","12":"instock","13":"shipping-taxable","14":"purchasable","15":"product-type-simple"},"_links":{"self":[{"href":"https:\/\/silk-pajamas.com\/fr\/wp-json\/wp\/v2\/product\/654","targetHints":{"allow":["GET"]}}],"collection":[{"href":"https:\/\/silk-pajamas.com\/fr\/wp-json\/wp\/v2\/product"}],"about":[{"href":"https:\/\/silk-pajamas.com\/fr\/wp-json\/wp\/v2\/types\/product"}],"wp:featuredmedia":[{"embeddable":true,"href":"https:\/\/silk-pajamas.com\/fr\/wp-json\/wp\/v2\/media\/2321"}],"wp:attachment":[{"href":"https:\/\/silk-pajamas.com\/fr\/wp-json\/wp\/v2\/media?parent=654"}],"wp:term":[{"taxonomy":"product_brand","embeddable":true,"href":"https:\/\/silk-pajamas.com\/fr\/wp-json\/wp\/v2\/product_brand?post=654"},{"taxonomy":"product_cat","embeddable":true,"href":"https:\/\/silk-pajamas.com\/fr\/wp-json\/wp\/v2\/product_cat?post=654"},{"taxonomy":"product_tag","embeddable":true,"href":"https:\/\/silk-pajamas.com\/fr\/wp-json\/wp\/v2\/product_tag?post=654"}],"curies":[{"name":"wp","href":"https:\/\/api.w.org\/{rel}","templated":true}]}}