{"id":657,"date":"2026-04-12T15:43:15","date_gmt":"2026-04-12T15:43:15","guid":{"rendered":"https:\/\/silk-pajamas.com\/25-momme-charmeuse-silk-lounge-bottoms-drawstring-leopard\/"},"modified":"2026-05-08T12:35:14","modified_gmt":"2026-05-08T12:35:14","slug":"25-momme-charmeuse-silk-lounge-bottoms-drawstring-leopard","status":"publish","type":"product","link":"https:\/\/silk-pajamas.com\/fr\/25-momme-charmeuse-silk-lounge-bottoms-drawstring-leopard\/","title":{"rendered":"25 Momme Charmeuse Silk Lounge Bottoms Drawstring Leopard"},"content":{"rendered":"<p>Ce pantalon de nuit est r\u00e9alis\u00e9 en 25 momme charmeuse de soie dans un ton l\u00e9opard. Il est dot\u00e9 d'un cordon de serrage, d'un toucher doux et d'un drap\u00e9 confortable pour les femmes. Ce mod\u00e8le convient aux tailles XL, XXL, 3XL et 4XL et convient parfaitement aux tenues de printemps, aux cadeaux et au confort quotidien. Laver \u00e0 la main \u00e0 froid ou utiliser un cycle d\u00e9licat.<\/p>","protected":false},"excerpt":{"rendered":"<p>25 Culotte de nuit en soie Momme Charmeuse, coloris l\u00e9opard. Finition cordon de serrage, toucher infroissable et gamme de tailles XL, XXL, 3XL, 4XL. Con\u00e7u pour les femmes.<\/p>","protected":false},"featured_media":2331,"template":"","meta":{"_gspb_post_css":""},"product_brand":[],"product_cat":[26],"product_tag":[300,315,302],"class_list":{"0":"post-657","1":"product","2":"type-product","3":"status-publish","4":"has-post-thumbnail","6":"product_cat-silk-sleep-bottoms","7":"product_tag-25-momme-silk-sleep-pants-leopard","8":"product_tag-charmeuse-silk-sleep-pants-drawstring","9":"product_tag-manufacturer-silk-sleep-pants-for-women","11":"first","12":"instock","13":"featured","14":"shipping-taxable","15":"purchasable","16":"product-type-simple"},"_links":{"self":[{"href":"https:\/\/silk-pajamas.com\/fr\/wp-json\/wp\/v2\/product\/657","targetHints":{"allow":["GET"]}}],"collection":[{"href":"https:\/\/silk-pajamas.com\/fr\/wp-json\/wp\/v2\/product"}],"about":[{"href":"https:\/\/silk-pajamas.com\/fr\/wp-json\/wp\/v2\/types\/product"}],"wp:featuredmedia":[{"embeddable":true,"href":"https:\/\/silk-pajamas.com\/fr\/wp-json\/wp\/v2\/media\/2331"}],"wp:attachment":[{"href":"https:\/\/silk-pajamas.com\/fr\/wp-json\/wp\/v2\/media?parent=657"}],"wp:term":[{"taxonomy":"product_brand","embeddable":true,"href":"https:\/\/silk-pajamas.com\/fr\/wp-json\/wp\/v2\/product_brand?post=657"},{"taxonomy":"product_cat","embeddable":true,"href":"https:\/\/silk-pajamas.com\/fr\/wp-json\/wp\/v2\/product_cat?post=657"},{"taxonomy":"product_tag","embeddable":true,"href":"https:\/\/silk-pajamas.com\/fr\/wp-json\/wp\/v2\/product_tag?post=657"}],"curies":[{"name":"wp","href":"https:\/\/api.w.org\/{rel}","templated":true}]}}