{"id":658,"date":"2026-04-12T15:43:16","date_gmt":"2026-04-12T15:43:16","guid":{"rendered":"https:\/\/silk-pajamas.com\/19-momme-crepe-silk-sleepshirt-long-sleeve-emerald\/"},"modified":"2026-05-08T09:48:55","modified_gmt":"2026-05-08T09:48:55","slug":"19-momme-crepe-silk-sleepshirt-long-sleeve-emerald","status":"publish","type":"product","link":"https:\/\/silk-pajamas.com\/fr\/19-momme-crepe-silk-sleepshirt-long-sleeve-emerald\/","title":{"rendered":"19 Momme Crepe Silk Sleepshirt Long Sleeve Emerald"},"content":{"rendered":"<p>Fabriqu\u00e9e en cr\u00eape de soie 19 momme, cette chemise de nuit boutonn\u00e9e offre un toucher doux et respirant et des mouvements \u00e9l\u00e9gants. La construction \u00e0 manches longues et la couleur \u00e9meraude assurent un look raffin\u00e9 pour les femmes et les hommes. Disponible en version personnalis\u00e9e. Laver \u00e0 la main \u00e0 froid ou utiliser un cycle d\u00e9licat.<\/p>","protected":false},"excerpt":{"rendered":"<p>19 Momme Crepe silk buttoned sleep shirt in Emerald. Finition manches longues, sensation de respirabilit\u00e9 et gamme de tailles sur mesure. Con\u00e7ue pour les femmes et les hommes.<\/p>","protected":false},"featured_media":2283,"template":"","meta":{"_gspb_post_css":""},"product_brand":[],"product_cat":[25],"product_tag":[316,317,318],"class_list":{"0":"post-658","1":"product","2":"type-product","3":"status-publish","4":"has-post-thumbnail","6":"product_cat-silk-sleepshirt","7":"product_tag-19-momme-silk-sleepshirt-emerald","8":"product_tag-crepe-silk-sleepshirt-long-sleeve","9":"product_tag-wholesale-silk-sleepshirt-for-women-and-men","11":"first","12":"instock","13":"featured","14":"shipping-taxable","15":"purchasable","16":"product-type-simple"},"_links":{"self":[{"href":"https:\/\/silk-pajamas.com\/fr\/wp-json\/wp\/v2\/product\/658","targetHints":{"allow":["GET"]}}],"collection":[{"href":"https:\/\/silk-pajamas.com\/fr\/wp-json\/wp\/v2\/product"}],"about":[{"href":"https:\/\/silk-pajamas.com\/fr\/wp-json\/wp\/v2\/types\/product"}],"wp:featuredmedia":[{"embeddable":true,"href":"https:\/\/silk-pajamas.com\/fr\/wp-json\/wp\/v2\/media\/2283"}],"wp:attachment":[{"href":"https:\/\/silk-pajamas.com\/fr\/wp-json\/wp\/v2\/media?parent=658"}],"wp:term":[{"taxonomy":"product_brand","embeddable":true,"href":"https:\/\/silk-pajamas.com\/fr\/wp-json\/wp\/v2\/product_brand?post=658"},{"taxonomy":"product_cat","embeddable":true,"href":"https:\/\/silk-pajamas.com\/fr\/wp-json\/wp\/v2\/product_cat?post=658"},{"taxonomy":"product_tag","embeddable":true,"href":"https:\/\/silk-pajamas.com\/fr\/wp-json\/wp\/v2\/product_tag?post=658"}],"curies":[{"name":"wp","href":"https:\/\/api.w.org\/{rel}","templated":true}]}}