{"id":664,"date":"2026-04-12T15:43:16","date_gmt":"2026-04-12T15:43:16","guid":{"rendered":"https:\/\/silk-pajamas.com\/16-momme-mulberry-silk-sleep-shirt-pocketed-sage\/"},"modified":"2026-05-08T09:57:28","modified_gmt":"2026-05-08T09:57:28","slug":"16-momme-mulberry-silk-sleep-shirt-pocketed-sage","status":"publish","type":"product","link":"https:\/\/silk-pajamas.com\/fr\/16-momme-mulberry-silk-sleep-shirt-pocketed-sage\/","title":{"rendered":"16 Momme Mulberry Chemise de nuit en soie Pocketed Sage"},"content":{"rendered":"<p>Fabriqu\u00e9e en soie de m\u00fbrier de 16 mm, cette chemise de nuit boutonn\u00e9e offre une thermor\u00e9gulation, un toucher doux et des mouvements \u00e9l\u00e9gants. La construction \u00e0 poches et la couleur sauge lui conf\u00e8rent une allure soign\u00e9e pour les assortiments de cadeaux. Disponible en XS, S, M, L, XL, XXL. Laver \u00e0 la main \u00e0 froid ou utiliser un cycle d\u00e9licat.<\/p>","protected":false},"excerpt":{"rendered":"<p>16 Momme Mulberry chemise de nuit boutonn\u00e9e en soie de sauge. Finition avec poches, sensation de thermor\u00e9gulation et gamme de tailles XS, S, M, L, XL, XXL. Con\u00e7ue pour les assortiments de cadeaux.<\/p>","protected":false},"featured_media":2302,"template":"","meta":{"_gspb_post_css":""},"product_brand":[],"product_cat":[25],"product_tag":[332,334,333],"class_list":{"0":"post-664","1":"product","2":"type-product","3":"status-publish","4":"has-post-thumbnail","6":"product_cat-silk-sleepshirt","7":"product_tag-16-momme-silk-sleepshirt-sage","8":"product_tag-manufacturer-silk-sleepshirt-for-gift-assortments","9":"product_tag-mulberry-silk-sleepshirt-pocketed","11":"first","12":"instock","13":"shipping-taxable","14":"purchasable","15":"product-type-simple"},"_links":{"self":[{"href":"https:\/\/silk-pajamas.com\/fr\/wp-json\/wp\/v2\/product\/664","targetHints":{"allow":["GET"]}}],"collection":[{"href":"https:\/\/silk-pajamas.com\/fr\/wp-json\/wp\/v2\/product"}],"about":[{"href":"https:\/\/silk-pajamas.com\/fr\/wp-json\/wp\/v2\/types\/product"}],"wp:featuredmedia":[{"embeddable":true,"href":"https:\/\/silk-pajamas.com\/fr\/wp-json\/wp\/v2\/media\/2302"}],"wp:attachment":[{"href":"https:\/\/silk-pajamas.com\/fr\/wp-json\/wp\/v2\/media?parent=664"}],"wp:term":[{"taxonomy":"product_brand","embeddable":true,"href":"https:\/\/silk-pajamas.com\/fr\/wp-json\/wp\/v2\/product_brand?post=664"},{"taxonomy":"product_cat","embeddable":true,"href":"https:\/\/silk-pajamas.com\/fr\/wp-json\/wp\/v2\/product_cat?post=664"},{"taxonomy":"product_tag","embeddable":true,"href":"https:\/\/silk-pajamas.com\/fr\/wp-json\/wp\/v2\/product_tag?post=664"}],"curies":[{"name":"wp","href":"https:\/\/api.w.org\/{rel}","templated":true}]}}