{"id":667,"date":"2026-04-12T15:43:16","date_gmt":"2026-04-12T15:43:16","guid":{"rendered":"https:\/\/silk-pajamas.com\/19-momme-mulberry-silk-sleep-shirt-relaxed-fit-champagne\/"},"modified":"2026-05-08T09:59:18","modified_gmt":"2026-05-08T09:59:18","slug":"19-momme-mulberry-silk-sleep-shirt-relaxed-fit-champagne","status":"publish","type":"product","link":"https:\/\/silk-pajamas.com\/fr\/19-momme-mulberry-silk-sleep-shirt-relaxed-fit-champagne\/","title":{"rendered":"19 Momme Mulberry Chemise de nuit en soie coupe d\u00e9contract\u00e9e Champagne"},"content":{"rendered":"<p>Fabriqu\u00e9e avec de la soie de m\u00fbrier de 19 mm, cette chemise de nuit boutonn\u00e9e est infroissable, douce au toucher et \u00e9l\u00e9gante dans ses mouvements. Sa coupe d\u00e9contract\u00e9e et sa couleur champagne lui conf\u00e8rent une allure \u00e9l\u00e9gante pour les femmes et les hommes. Disponible en XL, XXL, 3XL, 4XL. Laver \u00e0 la main \u00e0 froid ou utiliser un cycle d\u00e9licat.<\/p>","protected":false},"excerpt":{"rendered":"<p>19 Momme Mulberry, chemise de nuit boutonn\u00e9e en soie de couleur champagne. Finition Relaxed Fit, toucher infroissable et gamme de tailles XL, XXL, 3XL, 4XL. Con\u00e7ue pour les femmes et les hommes.<\/p>","protected":false},"featured_media":2297,"template":"","meta":{"_gspb_post_css":""},"product_brand":[],"product_cat":[25],"product_tag":[340,341,320],"class_list":{"0":"post-667","1":"product","2":"type-product","3":"status-publish","4":"has-post-thumbnail","6":"product_cat-silk-sleepshirt","7":"product_tag-19-momme-silk-sleepshirt-champagne","8":"product_tag-mulberry-silk-sleepshirt-relaxed-fit","9":"product_tag-vendor-silk-sleepshirt-for-women-and-men","11":"first","12":"instock","13":"shipping-taxable","14":"purchasable","15":"product-type-simple"},"_links":{"self":[{"href":"https:\/\/silk-pajamas.com\/fr\/wp-json\/wp\/v2\/product\/667","targetHints":{"allow":["GET"]}}],"collection":[{"href":"https:\/\/silk-pajamas.com\/fr\/wp-json\/wp\/v2\/product"}],"about":[{"href":"https:\/\/silk-pajamas.com\/fr\/wp-json\/wp\/v2\/types\/product"}],"wp:featuredmedia":[{"embeddable":true,"href":"https:\/\/silk-pajamas.com\/fr\/wp-json\/wp\/v2\/media\/2297"}],"wp:attachment":[{"href":"https:\/\/silk-pajamas.com\/fr\/wp-json\/wp\/v2\/media?parent=667"}],"wp:term":[{"taxonomy":"product_brand","embeddable":true,"href":"https:\/\/silk-pajamas.com\/fr\/wp-json\/wp\/v2\/product_brand?post=667"},{"taxonomy":"product_cat","embeddable":true,"href":"https:\/\/silk-pajamas.com\/fr\/wp-json\/wp\/v2\/product_cat?post=667"},{"taxonomy":"product_tag","embeddable":true,"href":"https:\/\/silk-pajamas.com\/fr\/wp-json\/wp\/v2\/product_tag?post=667"}],"curies":[{"name":"wp","href":"https:\/\/api.w.org\/{rel}","templated":true}]}}