{"id":671,"date":"2026-04-12T15:43:17","date_gmt":"2026-04-12T15:43:17","guid":{"rendered":"https:\/\/silk-pajamas.com\/22-momme-crepe-silk-sleepshirt-button-down-wine-vendor\/"},"modified":"2026-05-08T08:56:08","modified_gmt":"2026-05-08T08:56:08","slug":"22-momme-crepe-silk-sleepshirt-button-down-wine-vendor","status":"publish","type":"product","link":"https:\/\/silk-pajamas.com\/fr\/22-momme-crepe-silk-sleepshirt-button-down-wine-vendor\/","title":{"rendered":"22 Momme Crepe Silk Sleepshirt Button Down Wine Vendor"},"content":{"rendered":"<p>Cette chemise de nuit boutonn\u00e9e est r\u00e9alis\u00e9e en cr\u00eape de soie 22 momme dans un ton lie-de-vin. Elle est boutonn\u00e9e et offre un toucher doux et un drap\u00e9 confortable pour les femmes. Ce mod\u00e8le convient aux tailles S, M, L, XL et convient parfaitement \u00e0 toutes les saisons, aux cadeaux et au confort quotidien. Laver \u00e0 la main \u00e0 froid ou utiliser un cycle d\u00e9licat.<\/p>","protected":false},"excerpt":{"rendered":"<p>22 Chemise de nuit boutonn\u00e9e en cr\u00eape de soie Momme, coloris vin. Finition boutonn\u00e9e, l\u00e9g\u00e8ret\u00e9 et tailles S, M, L, XL. Con\u00e7ue pour la femme.<\/p>","protected":false},"featured_media":2253,"template":"","meta":{"_gspb_post_css":""},"product_brand":[],"product_cat":[25],"product_tag":[347,346,343],"class_list":{"0":"post-671","1":"product","2":"type-product","3":"status-publish","4":"has-post-thumbnail","6":"product_cat-silk-sleepshirt","7":"product_tag-22-momme-silk-sleepshirt-wine","8":"product_tag-crepe-silk-sleepshirt-button-down","9":"product_tag-supplier-silk-sleepshirt-for-women","11":"first","12":"instock","13":"shipping-taxable","14":"purchasable","15":"product-type-simple"},"_links":{"self":[{"href":"https:\/\/silk-pajamas.com\/fr\/wp-json\/wp\/v2\/product\/671","targetHints":{"allow":["GET"]}}],"collection":[{"href":"https:\/\/silk-pajamas.com\/fr\/wp-json\/wp\/v2\/product"}],"about":[{"href":"https:\/\/silk-pajamas.com\/fr\/wp-json\/wp\/v2\/types\/product"}],"wp:featuredmedia":[{"embeddable":true,"href":"https:\/\/silk-pajamas.com\/fr\/wp-json\/wp\/v2\/media\/2253"}],"wp:attachment":[{"href":"https:\/\/silk-pajamas.com\/fr\/wp-json\/wp\/v2\/media?parent=671"}],"wp:term":[{"taxonomy":"product_brand","embeddable":true,"href":"https:\/\/silk-pajamas.com\/fr\/wp-json\/wp\/v2\/product_brand?post=671"},{"taxonomy":"product_cat","embeddable":true,"href":"https:\/\/silk-pajamas.com\/fr\/wp-json\/wp\/v2\/product_cat?post=671"},{"taxonomy":"product_tag","embeddable":true,"href":"https:\/\/silk-pajamas.com\/fr\/wp-json\/wp\/v2\/product_tag?post=671"}],"curies":[{"name":"wp","href":"https:\/\/api.w.org\/{rel}","templated":true}]}}