{"id":674,"date":"2026-04-12T15:43:17","date_gmt":"2026-04-12T15:43:17","guid":{"rendered":"https:\/\/silk-pajamas.com\/22-momme-crepe-silk-sleepshirt-piped-wine-wholesale\/"},"modified":"2026-05-08T09:16:05","modified_gmt":"2026-05-08T09:16:05","slug":"22-momme-crepe-silk-sleepshirt-piped-wine-wholesale","status":"publish","type":"product","link":"https:\/\/silk-pajamas.com\/fr\/22-momme-crepe-silk-sleepshirt-piped-wine-wholesale\/","title":{"rendered":"22 Momme Crepe Silk Sleepshirt Piped Wine Wholesale"},"content":{"rendered":"<p>R\u00e9alis\u00e9e en cr\u00eape de soie 22 momme, cette chemise de nuit boutonn\u00e9e est l\u00e9g\u00e8re, douce au toucher et \u00e9l\u00e9gante dans ses mouvements. La construction passepoil\u00e9e et la couleur vin lui conf\u00e8rent une allure soign\u00e9e pour les assortiments de cadeaux. Disponible en version personnalis\u00e9e. Laver \u00e0 la main \u00e0 froid ou utiliser un cycle d\u00e9licat.<\/p>","protected":false},"excerpt":{"rendered":"<p>22 Momme Crepe silk buttoned sleep shirt in Wine. Finition passepoil\u00e9e, l\u00e9g\u00e8ret\u00e9 et taille sur mesure. Con\u00e7ue pour les assortiments de cadeaux.<\/p>","protected":false},"featured_media":2251,"template":"","meta":{"_gspb_post_css":""},"product_brand":[],"product_cat":[25],"product_tag":[347,353,354],"class_list":{"0":"post-674","1":"product","2":"type-product","3":"status-publish","4":"has-post-thumbnail","6":"product_cat-silk-sleepshirt","7":"product_tag-22-momme-silk-sleepshirt-wine","8":"product_tag-crepe-silk-sleepshirt-piped","9":"product_tag-wholesale-silk-sleepshirt-for-gift-assortments","11":"first","12":"instock","13":"shipping-taxable","14":"purchasable","15":"product-type-simple"},"_links":{"self":[{"href":"https:\/\/silk-pajamas.com\/fr\/wp-json\/wp\/v2\/product\/674","targetHints":{"allow":["GET"]}}],"collection":[{"href":"https:\/\/silk-pajamas.com\/fr\/wp-json\/wp\/v2\/product"}],"about":[{"href":"https:\/\/silk-pajamas.com\/fr\/wp-json\/wp\/v2\/types\/product"}],"wp:featuredmedia":[{"embeddable":true,"href":"https:\/\/silk-pajamas.com\/fr\/wp-json\/wp\/v2\/media\/2251"}],"wp:attachment":[{"href":"https:\/\/silk-pajamas.com\/fr\/wp-json\/wp\/v2\/media?parent=674"}],"wp:term":[{"taxonomy":"product_brand","embeddable":true,"href":"https:\/\/silk-pajamas.com\/fr\/wp-json\/wp\/v2\/product_brand?post=674"},{"taxonomy":"product_cat","embeddable":true,"href":"https:\/\/silk-pajamas.com\/fr\/wp-json\/wp\/v2\/product_cat?post=674"},{"taxonomy":"product_tag","embeddable":true,"href":"https:\/\/silk-pajamas.com\/fr\/wp-json\/wp\/v2\/product_tag?post=674"}],"curies":[{"name":"wp","href":"https:\/\/api.w.org\/{rel}","templated":true}]}}