{"id":676,"date":"2026-04-12T15:43:17","date_gmt":"2026-04-12T15:43:17","guid":{"rendered":"https:\/\/silk-pajamas.com\/16-momme-sandwashed-silk-sleepshirt-piped-blush\/"},"modified":"2026-05-08T09:26:46","modified_gmt":"2026-05-08T09:26:46","slug":"16-momme-sandwashed-silk-sleepshirt-piped-blush","status":"publish","type":"product","link":"https:\/\/silk-pajamas.com\/fr\/16-momme-sandwashed-silk-sleepshirt-piped-blush\/","title":{"rendered":"16 Momme Chemise de nuit en soie lav\u00e9e Piped Blush"},"content":{"rendered":"<p>Confectionn\u00e9e en 16 momme de soie sabl\u00e9e, cette chemise de nuit boutonn\u00e9e associe des d\u00e9tails passepoil\u00e9s \u00e0 une brillance douce et \u00e0 un toucher respirant. La finition blush lui conf\u00e8re une allure raffin\u00e9e, tandis que les tailles S, M, L, XL permettent de couvrir les besoins essentiels. Convient aux femmes et aux hommes et aux garde-robes de printemps. Laver \u00e0 la main \u00e0 froid ou utiliser un cycle d\u00e9licat.<\/p>","protected":false},"excerpt":{"rendered":"<p>16 Momme Sandwashed, chemise de nuit boutonn\u00e9e en soie Blush. Finition passepoil\u00e9e, drap\u00e9 doux et tailles S, M, L, XL. Con\u00e7ue pour les femmes et les hommes.<\/p>","protected":false},"featured_media":2264,"template":"","meta":{"_gspb_post_css":""},"product_brand":[],"product_cat":[25],"product_tag":[358,359,320],"class_list":{"0":"post-676","1":"product","2":"type-product","3":"status-publish","4":"has-post-thumbnail","6":"product_cat-silk-sleepshirt","7":"product_tag-16-momme-silk-sleepshirt-blush","8":"product_tag-sandwashed-silk-sleepshirt-piped","9":"product_tag-vendor-silk-sleepshirt-for-women-and-men","11":"first","12":"instock","13":"shipping-taxable","14":"purchasable","15":"product-type-simple"},"_links":{"self":[{"href":"https:\/\/silk-pajamas.com\/fr\/wp-json\/wp\/v2\/product\/676","targetHints":{"allow":["GET"]}}],"collection":[{"href":"https:\/\/silk-pajamas.com\/fr\/wp-json\/wp\/v2\/product"}],"about":[{"href":"https:\/\/silk-pajamas.com\/fr\/wp-json\/wp\/v2\/types\/product"}],"wp:featuredmedia":[{"embeddable":true,"href":"https:\/\/silk-pajamas.com\/fr\/wp-json\/wp\/v2\/media\/2264"}],"wp:attachment":[{"href":"https:\/\/silk-pajamas.com\/fr\/wp-json\/wp\/v2\/media?parent=676"}],"wp:term":[{"taxonomy":"product_brand","embeddable":true,"href":"https:\/\/silk-pajamas.com\/fr\/wp-json\/wp\/v2\/product_brand?post=676"},{"taxonomy":"product_cat","embeddable":true,"href":"https:\/\/silk-pajamas.com\/fr\/wp-json\/wp\/v2\/product_cat?post=676"},{"taxonomy":"product_tag","embeddable":true,"href":"https:\/\/silk-pajamas.com\/fr\/wp-json\/wp\/v2\/product_tag?post=676"}],"curies":[{"name":"wp","href":"https:\/\/api.w.org\/{rel}","templated":true}]}}