{"id":679,"date":"2026-04-12T15:43:17","date_gmt":"2026-04-12T15:43:17","guid":{"rendered":"https:\/\/silk-pajamas.com\/19-momme-soft-shine-silk-bonnet-double-layer-wine\/"},"modified":"2026-05-08T09:41:58","modified_gmt":"2026-05-08T09:41:58","slug":"19-momme-soft-shine-silk-bonnet-double-layer-wine","status":"publish","type":"product","link":"https:\/\/silk-pajamas.com\/fr\/19-momme-soft-shine-silk-bonnet-double-layer-wine\/","title":{"rendered":"19 Momme Soft Shine Silk Bonnet Double Layer Wine"},"content":{"rendered":"<p>Ce bonnet de nuit est confectionn\u00e9 en soie douce et brillante de 19 mm dans un ton lie-de-vin. Il se compose d'une double \u00e9paisseur, d'une main douce et d'un drap\u00e9 confortable pour prot\u00e9ger les tresses. Il convient \u00e0 la taille unique et peut \u00eatre port\u00e9 en toute saison, offert ou port\u00e9 au quotidien. Laver \u00e0 la main \u00e0 froid et s\u00e9cher \u00e0 l'air libre.<\/p>","protected":false},"excerpt":{"rendered":"<p>19 Momme Soft Shine bonnet de nuit en soie en couleur vin. Finition double couche, sensation de l\u00e9g\u00e8ret\u00e9 et taille unique. Con\u00e7u pour prot\u00e9ger les tresses.<\/p>","protected":false},"featured_media":2271,"template":"","meta":{"_gspb_post_css":""},"product_brand":[],"product_cat":[35],"product_tag":[366,368,367],"class_list":{"0":"post-679","1":"product","2":"type-product","3":"status-publish","4":"has-post-thumbnail","6":"product_cat-silk-bonnets","7":"product_tag-19-momme-silk-bonnet-wine","8":"product_tag-manufacturer-silk-bonnet-for-braid-protection","9":"product_tag-soft-shine-silk-bonnet-double-layer","11":"first","12":"instock","13":"shipping-taxable","14":"purchasable","15":"product-type-simple"},"_links":{"self":[{"href":"https:\/\/silk-pajamas.com\/fr\/wp-json\/wp\/v2\/product\/679","targetHints":{"allow":["GET"]}}],"collection":[{"href":"https:\/\/silk-pajamas.com\/fr\/wp-json\/wp\/v2\/product"}],"about":[{"href":"https:\/\/silk-pajamas.com\/fr\/wp-json\/wp\/v2\/types\/product"}],"wp:featuredmedia":[{"embeddable":true,"href":"https:\/\/silk-pajamas.com\/fr\/wp-json\/wp\/v2\/media\/2271"}],"wp:attachment":[{"href":"https:\/\/silk-pajamas.com\/fr\/wp-json\/wp\/v2\/media?parent=679"}],"wp:term":[{"taxonomy":"product_brand","embeddable":true,"href":"https:\/\/silk-pajamas.com\/fr\/wp-json\/wp\/v2\/product_brand?post=679"},{"taxonomy":"product_cat","embeddable":true,"href":"https:\/\/silk-pajamas.com\/fr\/wp-json\/wp\/v2\/product_cat?post=679"},{"taxonomy":"product_tag","embeddable":true,"href":"https:\/\/silk-pajamas.com\/fr\/wp-json\/wp\/v2\/product_tag?post=679"}],"curies":[{"name":"wp","href":"https:\/\/api.w.org\/{rel}","templated":true}]}}