{"id":684,"date":"2026-04-12T15:43:19","date_gmt":"2026-04-12T15:43:19","guid":{"rendered":"https:\/\/silk-pajamas.com\/25-momme-mulberry-silk-bonnet-elastic-edge-rose\/"},"modified":"2026-05-08T08:20:05","modified_gmt":"2026-05-08T08:20:05","slug":"25-momme-mulberry-silk-bonnet-elastic-edge-rose","status":"publish","type":"product","link":"https:\/\/silk-pajamas.com\/fr\/25-momme-mulberry-silk-bonnet-elastic-edge-rose\/","title":{"rendered":"25 Momme Bonnet en soie de m\u00fbrier Bord \u00e9lastique Rose"},"content":{"rendered":"<p>Fabriqu\u00e9 avec 25 m\u00e8tres de soie de m\u00fbrier, ce bonnet de nuit est respirant, doux au toucher et \u00e9l\u00e9gant dans ses mouvements. Les bords \u00e9lastiques et la couleur rose lui conf\u00e8rent une allure soign\u00e9e pour les soins capillaires de la nuit. Disponible en version personnalis\u00e9e. Laver \u00e0 la main \u00e0 froid et s\u00e9cher \u00e0 l'air libre.<\/p>","protected":false},"excerpt":{"rendered":"<p>25 bonnet de nuit Momme en soie de m\u00fbrier en Rose. Finition des bords \u00e9lastiques, sensation de respirabilit\u00e9 et taille sur mesure. Con\u00e7u pour le soin des cheveux pendant la nuit.<\/p>","protected":false},"featured_media":2234,"template":"","meta":{"_gspb_post_css":""},"product_brand":[],"product_cat":[35],"product_tag":[377,378,379],"class_list":{"0":"post-684","1":"product","2":"type-product","3":"status-publish","4":"has-post-thumbnail","6":"product_cat-silk-bonnets","7":"product_tag-25-momme-silk-bonnet-rose","8":"product_tag-mulberry-silk-bonnet-elastic-edge","9":"product_tag-wholesale-silk-bonnet-for-overnight-hair-care","11":"first","12":"instock","13":"shipping-taxable","14":"purchasable","15":"product-type-simple"},"_links":{"self":[{"href":"https:\/\/silk-pajamas.com\/fr\/wp-json\/wp\/v2\/product\/684","targetHints":{"allow":["GET"]}}],"collection":[{"href":"https:\/\/silk-pajamas.com\/fr\/wp-json\/wp\/v2\/product"}],"about":[{"href":"https:\/\/silk-pajamas.com\/fr\/wp-json\/wp\/v2\/types\/product"}],"wp:featuredmedia":[{"embeddable":true,"href":"https:\/\/silk-pajamas.com\/fr\/wp-json\/wp\/v2\/media\/2234"}],"wp:attachment":[{"href":"https:\/\/silk-pajamas.com\/fr\/wp-json\/wp\/v2\/media?parent=684"}],"wp:term":[{"taxonomy":"product_brand","embeddable":true,"href":"https:\/\/silk-pajamas.com\/fr\/wp-json\/wp\/v2\/product_brand?post=684"},{"taxonomy":"product_cat","embeddable":true,"href":"https:\/\/silk-pajamas.com\/fr\/wp-json\/wp\/v2\/product_cat?post=684"},{"taxonomy":"product_tag","embeddable":true,"href":"https:\/\/silk-pajamas.com\/fr\/wp-json\/wp\/v2\/product_tag?post=684"}],"curies":[{"name":"wp","href":"https:\/\/api.w.org\/{rel}","templated":true}]}}