{"id":685,"date":"2026-04-12T15:43:19","date_gmt":"2026-04-12T15:43:19","guid":{"rendered":"https:\/\/silk-pajamas.com\/22-momme-mulberry-silk-bonnet-wide-band-lilac-supplier\/"},"modified":"2026-05-08T08:46:24","modified_gmt":"2026-05-08T08:46:24","slug":"22-momme-mulberry-silk-bonnet-wide-band-lilac-supplier","status":"publish","type":"product","link":"https:\/\/silk-pajamas.com\/fr\/22-momme-mulberry-silk-bonnet-wide-band-lilac-supplier\/","title":{"rendered":"22 Momme Mulberry Silk Bonnet Wide Band Lilac Supplier"},"content":{"rendered":"<p>Ce bonnet de nuit est fabriqu\u00e9 \u00e0 partir de 22 momme de soie de m\u00fbrier dans un ton lilas. Il est dot\u00e9 d'une large bande, d'un toucher doux et d'un drap\u00e9 confortable pour les cheveux boucl\u00e9s. Le style s'adapte aux tailles personnalis\u00e9es et convient parfaitement aux tenues d'\u00e9t\u00e9, aux cadeaux et au confort quotidien. Laver \u00e0 la main \u00e0 froid et s\u00e9cher \u00e0 l'air libre.<\/p>","protected":false},"excerpt":{"rendered":"<p>22 bonnet de nuit Momme en soie de m\u00fbrier, coloris lilas. Finition \u00e0 large bande, drap\u00e9 doux et gamme de tailles sur mesure. Con\u00e7u pour le soin des cheveux fris\u00e9s.<\/p>","protected":false},"featured_media":2234,"template":"","meta":{"_gspb_post_css":""},"product_brand":[],"product_cat":[35],"product_tag":[380,381,382],"class_list":{"0":"post-685","1":"product","2":"type-product","3":"status-publish","4":"has-post-thumbnail","6":"product_cat-silk-bonnets","7":"product_tag-22-momme-silk-bonnet-lilac","8":"product_tag-mulberry-silk-bonnet-wide-band","9":"product_tag-supplier-silk-bonnet-for-curly-hair-care","11":"first","12":"instock","13":"shipping-taxable","14":"purchasable","15":"product-type-simple"},"_links":{"self":[{"href":"https:\/\/silk-pajamas.com\/fr\/wp-json\/wp\/v2\/product\/685","targetHints":{"allow":["GET"]}}],"collection":[{"href":"https:\/\/silk-pajamas.com\/fr\/wp-json\/wp\/v2\/product"}],"about":[{"href":"https:\/\/silk-pajamas.com\/fr\/wp-json\/wp\/v2\/types\/product"}],"wp:featuredmedia":[{"embeddable":true,"href":"https:\/\/silk-pajamas.com\/fr\/wp-json\/wp\/v2\/media\/2234"}],"wp:attachment":[{"href":"https:\/\/silk-pajamas.com\/fr\/wp-json\/wp\/v2\/media?parent=685"}],"wp:term":[{"taxonomy":"product_brand","embeddable":true,"href":"https:\/\/silk-pajamas.com\/fr\/wp-json\/wp\/v2\/product_brand?post=685"},{"taxonomy":"product_cat","embeddable":true,"href":"https:\/\/silk-pajamas.com\/fr\/wp-json\/wp\/v2\/product_cat?post=685"},{"taxonomy":"product_tag","embeddable":true,"href":"https:\/\/silk-pajamas.com\/fr\/wp-json\/wp\/v2\/product_tag?post=685"}],"curies":[{"name":"wp","href":"https:\/\/api.w.org\/{rel}","templated":true}]}}