{"id":686,"date":"2026-04-12T15:43:19","date_gmt":"2026-04-12T15:43:19","guid":{"rendered":"https:\/\/silk-pajamas.com\/19-momme-mulberry-silk-bonnet-adjustable-tie-champagne\/"},"modified":"2026-05-08T08:48:40","modified_gmt":"2026-05-08T08:48:40","slug":"19-momme-mulberry-silk-bonnet-adjustable-tie-champagne","status":"publish","type":"product","link":"https:\/\/silk-pajamas.com\/fr\/19-momme-mulberry-silk-bonnet-adjustable-tie-champagne\/","title":{"rendered":"19 Momme Cravate ajustable Bonnet de soie de m\u00fbrier Champagne"},"content":{"rendered":"<p>Fabriqu\u00e9 avec de la soie de m\u00fbrier de 19 mm, ce bonnet de nuit est l\u00e9ger, doux au toucher et offre un mouvement \u00e9l\u00e9gant. L'attache r\u00e9glable et la couleur champagne permettent de prot\u00e9ger les tresses. Disponible en version personnalis\u00e9e. Laver \u00e0 la main \u00e0 froid et s\u00e9cher \u00e0 l'air libre.<\/p>","protected":false},"excerpt":{"rendered":"<p>19 Momme bonnet de nuit en soie de m\u00fbrier en Champagne. Finition ajustable, l\u00e9g\u00e8ret\u00e9 et taille sur mesure. Con\u00e7u pour prot\u00e9ger les tresses.<\/p>","protected":false},"featured_media":2242,"template":"","meta":{"_gspb_post_css":""},"product_brand":[],"product_cat":[35],"product_tag":[383,384,385],"class_list":{"0":"post-686","1":"product","2":"type-product","3":"status-publish","4":"has-post-thumbnail","6":"product_cat-silk-bonnets","7":"product_tag-19-momme-silk-bonnet-champagne","8":"product_tag-mulberry-silk-bonnet-adjustable-tie","9":"product_tag-wholesale-silk-bonnet-for-braid-protection","11":"first","12":"instock","13":"shipping-taxable","14":"purchasable","15":"product-type-simple"},"_links":{"self":[{"href":"https:\/\/silk-pajamas.com\/fr\/wp-json\/wp\/v2\/product\/686","targetHints":{"allow":["GET"]}}],"collection":[{"href":"https:\/\/silk-pajamas.com\/fr\/wp-json\/wp\/v2\/product"}],"about":[{"href":"https:\/\/silk-pajamas.com\/fr\/wp-json\/wp\/v2\/types\/product"}],"wp:featuredmedia":[{"embeddable":true,"href":"https:\/\/silk-pajamas.com\/fr\/wp-json\/wp\/v2\/media\/2242"}],"wp:attachment":[{"href":"https:\/\/silk-pajamas.com\/fr\/wp-json\/wp\/v2\/media?parent=686"}],"wp:term":[{"taxonomy":"product_brand","embeddable":true,"href":"https:\/\/silk-pajamas.com\/fr\/wp-json\/wp\/v2\/product_brand?post=686"},{"taxonomy":"product_cat","embeddable":true,"href":"https:\/\/silk-pajamas.com\/fr\/wp-json\/wp\/v2\/product_cat?post=686"},{"taxonomy":"product_tag","embeddable":true,"href":"https:\/\/silk-pajamas.com\/fr\/wp-json\/wp\/v2\/product_tag?post=686"}],"curies":[{"name":"wp","href":"https:\/\/api.w.org\/{rel}","templated":true}]}}