{"id":687,"date":"2026-04-12T15:43:19","date_gmt":"2026-04-12T15:43:19","guid":{"rendered":"https:\/\/silk-pajamas.com\/19-momme-charmeuse-silk-bonnet-long-hair-blush-manufacturer\/"},"modified":"2026-05-08T08:49:54","modified_gmt":"2026-05-08T08:49:54","slug":"19-momme-charmeuse-silk-bonnet-long-hair-blush-manufacturer","status":"publish","type":"product","link":"https:\/\/silk-pajamas.com\/fr\/19-momme-charmeuse-silk-bonnet-long-hair-blush-manufacturer\/","title":{"rendered":"19 Momme Charmeuse Bonnet de soie Cheveux longs Blush Fabricant"},"content":{"rendered":"<p>Ce bonnet de nuit est confectionn\u00e9 en 19 momme charmeuse de soie dans un ton blush. Il se caract\u00e9rise par des cheveux longs, un toucher doux et un drap\u00e9 confortable pour le soin des cheveux pendant la nuit. Le style s'adapte aux tailles personnalis\u00e9es et convient parfaitement aux tenues d'\u00e9t\u00e9, aux cadeaux et au confort quotidien. Laver \u00e0 la main \u00e0 froid et s\u00e9cher \u00e0 l'air libre.<\/p>","protected":false},"excerpt":{"rendered":"<p>19 Bonnet de nuit Momme Charmeuse en soie Blush. Finition cheveux longs, toucher doux et taille sur mesure. Con\u00e7u pour le soin des cheveux pendant la nuit.<\/p>","protected":false},"featured_media":2194,"template":"","meta":{"_gspb_post_css":""},"product_brand":[],"product_cat":[35],"product_tag":[386,364,379],"class_list":{"0":"post-687","1":"product","2":"type-product","3":"status-publish","4":"has-post-thumbnail","6":"product_cat-silk-bonnets","7":"product_tag-19-momme-silk-bonnet-blush","8":"product_tag-charmeuse-silk-bonnet-long-hair","9":"product_tag-wholesale-silk-bonnet-for-overnight-hair-care","11":"first","12":"instock","13":"featured","14":"shipping-taxable","15":"purchasable","16":"product-type-simple"},"_links":{"self":[{"href":"https:\/\/silk-pajamas.com\/fr\/wp-json\/wp\/v2\/product\/687","targetHints":{"allow":["GET"]}}],"collection":[{"href":"https:\/\/silk-pajamas.com\/fr\/wp-json\/wp\/v2\/product"}],"about":[{"href":"https:\/\/silk-pajamas.com\/fr\/wp-json\/wp\/v2\/types\/product"}],"wp:featuredmedia":[{"embeddable":true,"href":"https:\/\/silk-pajamas.com\/fr\/wp-json\/wp\/v2\/media\/2194"}],"wp:attachment":[{"href":"https:\/\/silk-pajamas.com\/fr\/wp-json\/wp\/v2\/media?parent=687"}],"wp:term":[{"taxonomy":"product_brand","embeddable":true,"href":"https:\/\/silk-pajamas.com\/fr\/wp-json\/wp\/v2\/product_brand?post=687"},{"taxonomy":"product_cat","embeddable":true,"href":"https:\/\/silk-pajamas.com\/fr\/wp-json\/wp\/v2\/product_cat?post=687"},{"taxonomy":"product_tag","embeddable":true,"href":"https:\/\/silk-pajamas.com\/fr\/wp-json\/wp\/v2\/product_tag?post=687"}],"curies":[{"name":"wp","href":"https:\/\/api.w.org\/{rel}","templated":true}]}}