{"id":688,"date":"2026-04-12T15:43:19","date_gmt":"2026-04-12T15:43:19","guid":{"rendered":"https:\/\/silk-pajamas.com\/25-momme-charmeuse-mulberry-silk-bonnet-wide-band-rose\/"},"modified":"2026-05-08T08:50:22","modified_gmt":"2026-05-08T08:50:22","slug":"25-momme-charmeuse-mulberry-silk-bonnet-wide-band-rose","status":"publish","type":"product","link":"https:\/\/silk-pajamas.com\/fr\/25-momme-charmeuse-mulberry-silk-bonnet-wide-band-rose\/","title":{"rendered":"25 Momme Charmeuse Mulberry Silk Bonnet Wide Band Rose"},"content":{"rendered":"<p>Ce bonnet de nuit est r\u00e9alis\u00e9 en 25 momme charmeuse de soie dans un ton rose. Il est dot\u00e9 d'une large bande, d'un toucher doux et d'un drap\u00e9 confortable pour les cheveux longs. Ce bonnet est adapt\u00e9 aux tailles personnalis\u00e9es et convient parfaitement aux tenues d'\u00e9t\u00e9, aux cadeaux et au confort quotidien. Laver \u00e0 la main \u00e0 froid et s\u00e9cher \u00e0 l'air libre.<\/p>","protected":false},"excerpt":{"rendered":"<p>25 Bonnet de nuit en soie Momme Charmeuse, coloris Rose. Finition large bande, sensation de respirabilit\u00e9 et gamme de taille sur mesure. Con\u00e7u pour le soin des cheveux longs.<\/p>","protected":false},"featured_media":2225,"template":"","meta":{"_gspb_post_css":""},"product_brand":[],"product_cat":[35],"product_tag":[377,387,388],"class_list":{"0":"post-688","1":"product","2":"type-product","3":"status-publish","4":"has-post-thumbnail","6":"product_cat-silk-bonnets","7":"product_tag-25-momme-silk-bonnet-rose","8":"product_tag-charmeuse-silk-bonnet-wide-band","9":"product_tag-factory-silk-bonnet-for-long-hair-care","11":"first","12":"instock","13":"shipping-taxable","14":"purchasable","15":"product-type-simple"},"_links":{"self":[{"href":"https:\/\/silk-pajamas.com\/fr\/wp-json\/wp\/v2\/product\/688","targetHints":{"allow":["GET"]}}],"collection":[{"href":"https:\/\/silk-pajamas.com\/fr\/wp-json\/wp\/v2\/product"}],"about":[{"href":"https:\/\/silk-pajamas.com\/fr\/wp-json\/wp\/v2\/types\/product"}],"wp:featuredmedia":[{"embeddable":true,"href":"https:\/\/silk-pajamas.com\/fr\/wp-json\/wp\/v2\/media\/2225"}],"wp:attachment":[{"href":"https:\/\/silk-pajamas.com\/fr\/wp-json\/wp\/v2\/media?parent=688"}],"wp:term":[{"taxonomy":"product_brand","embeddable":true,"href":"https:\/\/silk-pajamas.com\/fr\/wp-json\/wp\/v2\/product_brand?post=688"},{"taxonomy":"product_cat","embeddable":true,"href":"https:\/\/silk-pajamas.com\/fr\/wp-json\/wp\/v2\/product_cat?post=688"},{"taxonomy":"product_tag","embeddable":true,"href":"https:\/\/silk-pajamas.com\/fr\/wp-json\/wp\/v2\/product_tag?post=688"}],"curies":[{"name":"wp","href":"https:\/\/api.w.org\/{rel}","templated":true}]}}