{"id":690,"date":"2026-04-12T15:43:20","date_gmt":"2026-04-12T15:43:20","guid":{"rendered":"https:\/\/silk-pajamas.com\/25-momme-charmeuse-silk-bonnet-wide-band-leopard\/"},"modified":"2026-05-08T07:28:26","modified_gmt":"2026-05-08T07:28:26","slug":"25-momme-charmeuse-silk-bonnet-wide-band-leopard","status":"publish","type":"product","link":"https:\/\/silk-pajamas.com\/fr\/25-momme-charmeuse-silk-bonnet-wide-band-leopard\/","title":{"rendered":"25 Momme Bonnet en soie charmeuse \u00e0 large bande L\u00e9opard"},"content":{"rendered":"<p>Fabriqu\u00e9 avec 25 momme de soie charmeuse, ce bonnet de nuit est infroissable, doux au toucher et \u00e9l\u00e9gant dans ses mouvements. La construction \u00e0 large bande et la couleur l\u00e9opard maintiennent le look poli pour les soins des cheveux longs. Disponible en version personnalis\u00e9e. Laver \u00e0 la main \u00e0 froid et s\u00e9cher \u00e0 l'air libre.<\/p>","protected":false},"excerpt":{"rendered":"<p>25 Bonnet de nuit en soie Momme Charmeuse en l\u00e9opard. Finition large bande, toucher infroissable et taille sur mesure. Con\u00e7u pour le soin des cheveux longs.<\/p>","protected":false},"featured_media":2183,"template":"","meta":{"_gspb_post_css":""},"product_brand":[],"product_cat":[35],"product_tag":[391,387,388],"class_list":{"0":"post-690","1":"product","2":"type-product","3":"status-publish","4":"has-post-thumbnail","6":"product_cat-silk-bonnets","7":"product_tag-25-momme-silk-bonnet-leopard","8":"product_tag-charmeuse-silk-bonnet-wide-band","9":"product_tag-factory-silk-bonnet-for-long-hair-care","11":"first","12":"instock","13":"shipping-taxable","14":"purchasable","15":"product-type-simple"},"_links":{"self":[{"href":"https:\/\/silk-pajamas.com\/fr\/wp-json\/wp\/v2\/product\/690","targetHints":{"allow":["GET"]}}],"collection":[{"href":"https:\/\/silk-pajamas.com\/fr\/wp-json\/wp\/v2\/product"}],"about":[{"href":"https:\/\/silk-pajamas.com\/fr\/wp-json\/wp\/v2\/types\/product"}],"wp:featuredmedia":[{"embeddable":true,"href":"https:\/\/silk-pajamas.com\/fr\/wp-json\/wp\/v2\/media\/2183"}],"wp:attachment":[{"href":"https:\/\/silk-pajamas.com\/fr\/wp-json\/wp\/v2\/media?parent=690"}],"wp:term":[{"taxonomy":"product_brand","embeddable":true,"href":"https:\/\/silk-pajamas.com\/fr\/wp-json\/wp\/v2\/product_brand?post=690"},{"taxonomy":"product_cat","embeddable":true,"href":"https:\/\/silk-pajamas.com\/fr\/wp-json\/wp\/v2\/product_cat?post=690"},{"taxonomy":"product_tag","embeddable":true,"href":"https:\/\/silk-pajamas.com\/fr\/wp-json\/wp\/v2\/product_tag?post=690"}],"curies":[{"name":"wp","href":"https:\/\/api.w.org\/{rel}","templated":true}]}}