{"id":694,"date":"2026-04-12T15:43:20","date_gmt":"2026-04-12T15:43:20","guid":{"rendered":"https:\/\/silk-pajamas.com\/25-momme-double-layer-mulberry-silk-bonnet-custom-size-navy\/"},"modified":"2026-05-08T07:37:53","modified_gmt":"2026-05-08T07:37:53","slug":"25-momme-double-layer-mulberry-silk-bonnet-custom-size-navy","status":"publish","type":"product","link":"https:\/\/silk-pajamas.com\/fr\/25-momme-double-layer-mulberry-silk-bonnet-custom-size-navy\/","title":{"rendered":"25 Momme Bonnet double couche en soie de m\u00fbrier Taille personnalis\u00e9e Marine"},"content":{"rendered":"<p>Fabriqu\u00e9 en soie double couche de 25 mm, ce bonnet de nuit est infroissable, doux au toucher et \u00e9l\u00e9gant dans ses mouvements. L'attache r\u00e9glable et la couleur marine permettent de prot\u00e9ger les tresses. Disponible en version personnalis\u00e9e. Laver \u00e0 la main \u00e0 froid et s\u00e9cher \u00e0 l'air libre.<\/p>","protected":false},"excerpt":{"rendered":"<p>25 Bonnet de nuit en soie double \u00e9paisseur Momme en marine. Finition ajustable \u00e0 la cravate, toucher infroissable et gamme de tailles sur mesure. Con\u00e7u pour prot\u00e9ger les tresses.<\/p>","protected":false},"featured_media":2202,"template":"","meta":{"_gspb_post_css":""},"product_brand":[],"product_cat":[35],"product_tag":[397,398,385],"class_list":{"0":"post-694","1":"product","2":"type-product","3":"status-publish","4":"has-post-thumbnail","6":"product_cat-silk-bonnets","7":"product_tag-25-momme-silk-bonnet-navy","8":"product_tag-double-layer-silk-bonnet-adjustable-tie","9":"product_tag-wholesale-silk-bonnet-for-braid-protection","11":"first","12":"instock","13":"shipping-taxable","14":"purchasable","15":"product-type-simple"},"_links":{"self":[{"href":"https:\/\/silk-pajamas.com\/fr\/wp-json\/wp\/v2\/product\/694","targetHints":{"allow":["GET"]}}],"collection":[{"href":"https:\/\/silk-pajamas.com\/fr\/wp-json\/wp\/v2\/product"}],"about":[{"href":"https:\/\/silk-pajamas.com\/fr\/wp-json\/wp\/v2\/types\/product"}],"wp:featuredmedia":[{"embeddable":true,"href":"https:\/\/silk-pajamas.com\/fr\/wp-json\/wp\/v2\/media\/2202"}],"wp:attachment":[{"href":"https:\/\/silk-pajamas.com\/fr\/wp-json\/wp\/v2\/media?parent=694"}],"wp:term":[{"taxonomy":"product_brand","embeddable":true,"href":"https:\/\/silk-pajamas.com\/fr\/wp-json\/wp\/v2\/product_brand?post=694"},{"taxonomy":"product_cat","embeddable":true,"href":"https:\/\/silk-pajamas.com\/fr\/wp-json\/wp\/v2\/product_cat?post=694"},{"taxonomy":"product_tag","embeddable":true,"href":"https:\/\/silk-pajamas.com\/fr\/wp-json\/wp\/v2\/product_tag?post=694"}],"curies":[{"name":"wp","href":"https:\/\/api.w.org\/{rel}","templated":true}]}}