{"id":695,"date":"2026-04-12T15:43:20","date_gmt":"2026-04-12T15:43:20","guid":{"rendered":"https:\/\/silk-pajamas.com\/25-momme-mulberry-silk-bonnet-double-layer-floral\/"},"modified":"2026-05-08T07:39:58","modified_gmt":"2026-05-08T07:39:58","slug":"25-momme-mulberry-silk-bonnet-double-layer-floral","status":"publish","type":"product","link":"https:\/\/silk-pajamas.com\/fr\/25-momme-mulberry-silk-bonnet-double-layer-floral\/","title":{"rendered":"25 Momme Bonnet en soie de m\u00fbrier double couche floral"},"content":{"rendered":"<p>Ce bonnet de nuit est fabriqu\u00e9 \u00e0 partir de 25 momme de soie de m\u00fbrier dans un ton floral. Il pr\u00e9sente une double \u00e9paisseur, une sensation de douceur et un drap\u00e9 confortable pour le soin des cheveux longs. Le style s'adapte aux tailles personnalis\u00e9es et convient parfaitement aux tenues d'automne, aux cadeaux et au confort quotidien. Laver \u00e0 la main \u00e0 froid et s\u00e9cher \u00e0 l'air libre.<\/p>","protected":false},"excerpt":{"rendered":"<p>25 Bonnet de nuit Momme en soie de m\u00fbrier \u00e0 motifs floraux. Finition double couche, sensation de respirabilit\u00e9 et taille sur mesure. Con\u00e7u pour les cheveux longs.<\/p>","protected":false},"featured_media":2205,"template":"","meta":{"_gspb_post_css":""},"product_brand":[],"product_cat":[35],"product_tag":[399,393,394],"class_list":{"0":"post-695","1":"product","2":"type-product","3":"status-publish","4":"has-post-thumbnail","6":"product_cat-silk-bonnets","7":"product_tag-25-momme-silk-bonnet-floral","8":"product_tag-mulberry-silk-bonnet-double-layer","9":"product_tag-vendor-silk-bonnet-for-long-hair-care","11":"first","12":"instock","13":"shipping-taxable","14":"purchasable","15":"product-type-simple"},"_links":{"self":[{"href":"https:\/\/silk-pajamas.com\/fr\/wp-json\/wp\/v2\/product\/695","targetHints":{"allow":["GET"]}}],"collection":[{"href":"https:\/\/silk-pajamas.com\/fr\/wp-json\/wp\/v2\/product"}],"about":[{"href":"https:\/\/silk-pajamas.com\/fr\/wp-json\/wp\/v2\/types\/product"}],"wp:featuredmedia":[{"embeddable":true,"href":"https:\/\/silk-pajamas.com\/fr\/wp-json\/wp\/v2\/media\/2205"}],"wp:attachment":[{"href":"https:\/\/silk-pajamas.com\/fr\/wp-json\/wp\/v2\/media?parent=695"}],"wp:term":[{"taxonomy":"product_brand","embeddable":true,"href":"https:\/\/silk-pajamas.com\/fr\/wp-json\/wp\/v2\/product_brand?post=695"},{"taxonomy":"product_cat","embeddable":true,"href":"https:\/\/silk-pajamas.com\/fr\/wp-json\/wp\/v2\/product_cat?post=695"},{"taxonomy":"product_tag","embeddable":true,"href":"https:\/\/silk-pajamas.com\/fr\/wp-json\/wp\/v2\/product_tag?post=695"}],"curies":[{"name":"wp","href":"https:\/\/api.w.org\/{rel}","templated":true}]}}