{"id":704,"date":"2026-04-12T15:43:21","date_gmt":"2026-04-12T15:43:21","guid":{"rendered":"https:\/\/silk-pajamas.com\/25-momme-double-layer-mulberry-silk-eye-mask-piped-blush\/"},"modified":"2026-05-08T07:01:53","modified_gmt":"2026-05-08T07:01:53","slug":"25-momme-double-layer-mulberry-silk-eye-mask-piped-blush","status":"publish","type":"product","link":"https:\/\/silk-pajamas.com\/fr\/25-momme-double-layer-mulberry-silk-eye-mask-piped-blush\/","title":{"rendered":"25 Momme Masque pour les yeux en soie de m\u00fbrier double couche Piped Blush"},"content":{"rendered":"<p>Ce masque de sommeil rembourr\u00e9 est fabriqu\u00e9 \u00e0 partir de 25 mommes de soie double couche dans un ton blush. Il pr\u00e9sente des passepoils, une sensation de douceur et un drap\u00e9 confortable pour les programmes de spa. Ce mod\u00e8le convient \u00e0 la taille unique et convient parfaitement aux tenues de printemps, aux cadeaux et au confort quotidien. Nettoyer au point mort ou laver \u00e0 la main \u00e0 froid.<\/p>","protected":false},"excerpt":{"rendered":"<p>25 Masque de sommeil en soie double couche de Momme en Blush. Finition passepoil\u00e9e, toucher doux et taille unique. Con\u00e7u pour les programmes de spa.<\/p>","protected":false},"featured_media":2160,"template":"","meta":{"_gspb_post_css":""},"product_brand":[],"product_cat":[37],"product_tag":[419,420,421],"class_list":{"0":"post-704","1":"product","2":"type-product","3":"status-publish","4":"has-post-thumbnail","6":"product_cat-silk-eye-masks","7":"product_tag-25-momme-silk-eye-mask-blush","8":"product_tag-double-layer-silk-eye-mask-piped","9":"product_tag-supplier-silk-eye-mask-for-spa-programs","11":"first","12":"instock","13":"shipping-taxable","14":"purchasable","15":"product-type-simple"},"_links":{"self":[{"href":"https:\/\/silk-pajamas.com\/fr\/wp-json\/wp\/v2\/product\/704","targetHints":{"allow":["GET"]}}],"collection":[{"href":"https:\/\/silk-pajamas.com\/fr\/wp-json\/wp\/v2\/product"}],"about":[{"href":"https:\/\/silk-pajamas.com\/fr\/wp-json\/wp\/v2\/types\/product"}],"wp:featuredmedia":[{"embeddable":true,"href":"https:\/\/silk-pajamas.com\/fr\/wp-json\/wp\/v2\/media\/2160"}],"wp:attachment":[{"href":"https:\/\/silk-pajamas.com\/fr\/wp-json\/wp\/v2\/media?parent=704"}],"wp:term":[{"taxonomy":"product_brand","embeddable":true,"href":"https:\/\/silk-pajamas.com\/fr\/wp-json\/wp\/v2\/product_brand?post=704"},{"taxonomy":"product_cat","embeddable":true,"href":"https:\/\/silk-pajamas.com\/fr\/wp-json\/wp\/v2\/product_cat?post=704"},{"taxonomy":"product_tag","embeddable":true,"href":"https:\/\/silk-pajamas.com\/fr\/wp-json\/wp\/v2\/product_tag?post=704"}],"curies":[{"name":"wp","href":"https:\/\/api.w.org\/{rel}","templated":true}]}}