{"id":705,"date":"2026-04-12T15:43:21","date_gmt":"2026-04-12T15:43:21","guid":{"rendered":"https:\/\/silk-pajamas.com\/22-momme-soft-shine-silk-eye-mask-cooling-ivory\/"},"modified":"2026-05-08T07:03:48","modified_gmt":"2026-05-08T07:03:48","slug":"22-momme-soft-shine-silk-eye-mask-cooling-ivory","status":"publish","type":"product","link":"https:\/\/silk-pajamas.com\/fr\/22-momme-soft-shine-silk-eye-mask-cooling-ivory\/","title":{"rendered":"22 Momme Masque pour les yeux Soft Shine Silk Mask Cooling Ivory"},"content":{"rendered":"<p>Ce masque de sommeil rembourr\u00e9 est fabriqu\u00e9 \u00e0 partir de 22 momme de soie douce et brillante dans un ton ivoire. Il est rafra\u00eechissant, doux au toucher et confortable pour les dormeurs l\u00e9gers. Ce mod\u00e8le convient \u00e0 la taille unique et convient parfaitement aux tenues d'\u00e9t\u00e9, aux cadeaux et au confort quotidien. Nettoyer sur place ou laver \u00e0 la main \u00e0 froid.<\/p>","protected":false},"excerpt":{"rendered":"<p>22 Masque de sommeil Momme Soft Shine en soie ivoire. Finition rafra\u00eechissante, sensation de respirabilit\u00e9 et taille unique. Con\u00e7u pour les dormeurs l\u00e9gers.<\/p>","protected":false},"featured_media":2162,"template":"","meta":{"_gspb_post_css":""},"product_brand":[],"product_cat":[37],"product_tag":[422,423,424],"class_list":{"0":"post-705","1":"product","2":"type-product","3":"status-publish","4":"has-post-thumbnail","6":"product_cat-silk-eye-masks","7":"product_tag-22-momme-silk-eye-mask-ivory","8":"product_tag-soft-shine-silk-eye-mask-cooling","9":"product_tag-wholesale-silk-eye-mask-for-light-sleepers","11":"first","12":"instock","13":"shipping-taxable","14":"purchasable","15":"product-type-simple"},"_links":{"self":[{"href":"https:\/\/silk-pajamas.com\/fr\/wp-json\/wp\/v2\/product\/705","targetHints":{"allow":["GET"]}}],"collection":[{"href":"https:\/\/silk-pajamas.com\/fr\/wp-json\/wp\/v2\/product"}],"about":[{"href":"https:\/\/silk-pajamas.com\/fr\/wp-json\/wp\/v2\/types\/product"}],"wp:featuredmedia":[{"embeddable":true,"href":"https:\/\/silk-pajamas.com\/fr\/wp-json\/wp\/v2\/media\/2162"}],"wp:attachment":[{"href":"https:\/\/silk-pajamas.com\/fr\/wp-json\/wp\/v2\/media?parent=705"}],"wp:term":[{"taxonomy":"product_brand","embeddable":true,"href":"https:\/\/silk-pajamas.com\/fr\/wp-json\/wp\/v2\/product_brand?post=705"},{"taxonomy":"product_cat","embeddable":true,"href":"https:\/\/silk-pajamas.com\/fr\/wp-json\/wp\/v2\/product_cat?post=705"},{"taxonomy":"product_tag","embeddable":true,"href":"https:\/\/silk-pajamas.com\/fr\/wp-json\/wp\/v2\/product_tag?post=705"}],"curies":[{"name":"wp","href":"https:\/\/api.w.org\/{rel}","templated":true}]}}