{"id":707,"date":"2026-04-12T15:43:21","date_gmt":"2026-04-12T15:43:21","guid":{"rendered":"https:\/\/silk-pajamas.com\/22-momme-charmeuse-mulberry-silk-eye-mask-cooling-lilac\/"},"modified":"2026-05-08T07:08:49","modified_gmt":"2026-05-08T07:08:49","slug":"22-momme-charmeuse-mulberry-silk-eye-mask-cooling-lilac","status":"publish","type":"product","link":"https:\/\/silk-pajamas.com\/fr\/22-momme-charmeuse-mulberry-silk-eye-mask-cooling-lilac\/","title":{"rendered":"22 Momme Charmeuse Masque pour les yeux \u00e0 la soie de m\u00fbrier Lilas rafra\u00eechissant"},"content":{"rendered":"<p>Ce masque de sommeil rembourr\u00e9 est fabriqu\u00e9 en 22 momme charmeuse de soie dans un ton lilas. Il est rafra\u00eechissant, doux au toucher et confortable pour les dormeurs l\u00e9gers. Ce mod\u00e8le convient \u00e0 la taille unique et peut \u00eatre port\u00e9 en toute saison, offert en cadeau ou utilis\u00e9 au quotidien. Nettoyer sur place ou laver \u00e0 la main \u00e0 froid.<\/p>","protected":false},"excerpt":{"rendered":"<p>22 Masque de sommeil en soie Charmeuse de Momme en Lilas. Finition rafra\u00eechissante, sensation de thermor\u00e9gulation et taille unique. Con\u00e7u pour les dormeurs l\u00e9gers.<\/p>","protected":false},"featured_media":2168,"template":"","meta":{"_gspb_post_css":""},"product_brand":[],"product_cat":[37],"product_tag":[427,408,424],"class_list":{"0":"post-707","1":"product","2":"type-product","3":"status-publish","4":"has-post-thumbnail","6":"product_cat-silk-eye-masks","7":"product_tag-22-momme-silk-eye-mask-lilac","8":"product_tag-charmeuse-silk-eye-mask-cooling","9":"product_tag-wholesale-silk-eye-mask-for-light-sleepers","11":"first","12":"instock","13":"featured","14":"shipping-taxable","15":"purchasable","16":"product-type-simple"},"_links":{"self":[{"href":"https:\/\/silk-pajamas.com\/fr\/wp-json\/wp\/v2\/product\/707","targetHints":{"allow":["GET"]}}],"collection":[{"href":"https:\/\/silk-pajamas.com\/fr\/wp-json\/wp\/v2\/product"}],"about":[{"href":"https:\/\/silk-pajamas.com\/fr\/wp-json\/wp\/v2\/types\/product"}],"wp:featuredmedia":[{"embeddable":true,"href":"https:\/\/silk-pajamas.com\/fr\/wp-json\/wp\/v2\/media\/2168"}],"wp:attachment":[{"href":"https:\/\/silk-pajamas.com\/fr\/wp-json\/wp\/v2\/media?parent=707"}],"wp:term":[{"taxonomy":"product_brand","embeddable":true,"href":"https:\/\/silk-pajamas.com\/fr\/wp-json\/wp\/v2\/product_brand?post=707"},{"taxonomy":"product_cat","embeddable":true,"href":"https:\/\/silk-pajamas.com\/fr\/wp-json\/wp\/v2\/product_cat?post=707"},{"taxonomy":"product_tag","embeddable":true,"href":"https:\/\/silk-pajamas.com\/fr\/wp-json\/wp\/v2\/product_tag?post=707"}],"curies":[{"name":"wp","href":"https:\/\/api.w.org\/{rel}","templated":true}]}}