{"id":708,"date":"2026-04-12T15:43:21","date_gmt":"2026-04-12T15:43:21","guid":{"rendered":"https:\/\/silk-pajamas.com\/25-momme-charmeuse-silk-eye-mask-elastic-strap-coffee\/"},"modified":"2026-05-08T07:21:45","modified_gmt":"2026-05-08T07:21:45","slug":"25-momme-charmeuse-silk-eye-mask-elastic-strap-coffee","status":"publish","type":"product","link":"https:\/\/silk-pajamas.com\/fr\/25-momme-charmeuse-silk-eye-mask-elastic-strap-coffee\/","title":{"rendered":"25 Momme Charmeuse Masque pour les yeux en soie Sangle \u00e9lastique Caf\u00e9"},"content":{"rendered":"<p>Confectionn\u00e9 en 25 momme charmeuse de soie, ce masque de sommeil rembourr\u00e9 associe des sangles \u00e9lastiques \u00e0 une brillance douce et \u00e0 une sensation de respirabilit\u00e9. La finition caf\u00e9 lui conf\u00e8re un aspect raffin\u00e9, tandis que la taille unique permet de couvrir les besoins essentiels. Convient aux programmes de spa et aux garde-robes de printemps. Nettoyer sur place ou laver \u00e0 la main \u00e0 froid.<\/p>","protected":false},"excerpt":{"rendered":"<p>25 Masque de sommeil en soie Charmeuse de Momme, couleur caf\u00e9. Finition \u00e9lastique, l\u00e9g\u00e8ret\u00e9 et taille unique. Con\u00e7u pour les programmes de spa.<\/p>","protected":false},"featured_media":2171,"template":"","meta":{"_gspb_post_css":""},"product_brand":[],"product_cat":[37],"product_tag":[410,428,429],"class_list":{"0":"post-708","1":"product","2":"type-product","3":"status-publish","4":"has-post-thumbnail","6":"product_cat-silk-eye-masks","7":"product_tag-25-momme-silk-eye-mask-coffee","8":"product_tag-charmeuse-silk-eye-mask-elastic-strap","9":"product_tag-factory-silk-eye-mask-for-spa-programs","11":"first","12":"instock","13":"shipping-taxable","14":"purchasable","15":"product-type-simple"},"_links":{"self":[{"href":"https:\/\/silk-pajamas.com\/fr\/wp-json\/wp\/v2\/product\/708","targetHints":{"allow":["GET"]}}],"collection":[{"href":"https:\/\/silk-pajamas.com\/fr\/wp-json\/wp\/v2\/product"}],"about":[{"href":"https:\/\/silk-pajamas.com\/fr\/wp-json\/wp\/v2\/types\/product"}],"wp:featuredmedia":[{"embeddable":true,"href":"https:\/\/silk-pajamas.com\/fr\/wp-json\/wp\/v2\/media\/2171"}],"wp:attachment":[{"href":"https:\/\/silk-pajamas.com\/fr\/wp-json\/wp\/v2\/media?parent=708"}],"wp:term":[{"taxonomy":"product_brand","embeddable":true,"href":"https:\/\/silk-pajamas.com\/fr\/wp-json\/wp\/v2\/product_brand?post=708"},{"taxonomy":"product_cat","embeddable":true,"href":"https:\/\/silk-pajamas.com\/fr\/wp-json\/wp\/v2\/product_cat?post=708"},{"taxonomy":"product_tag","embeddable":true,"href":"https:\/\/silk-pajamas.com\/fr\/wp-json\/wp\/v2\/product_tag?post=708"}],"curies":[{"name":"wp","href":"https:\/\/api.w.org\/{rel}","templated":true}]}}