{"id":711,"date":"2026-04-12T15:43:21","date_gmt":"2026-04-12T15:43:21","guid":{"rendered":"https:\/\/silk-pajamas.com\/25-momme-charmeuse-mulberry-silk-eye-mask-one-size-black\/"},"modified":"2026-05-08T07:25:25","modified_gmt":"2026-05-08T07:25:25","slug":"25-momme-charmeuse-mulberry-silk-eye-mask-one-size-black","status":"publish","type":"product","link":"https:\/\/silk-pajamas.com\/fr\/25-momme-charmeuse-mulberry-silk-eye-mask-one-size-black\/","title":{"rendered":"25 Momme Charmeuse Masque pour les yeux en soie de m\u00fbrier Taille unique Noir"},"content":{"rendered":"<p>Ce masque de sommeil rembourr\u00e9 est fabriqu\u00e9 en 25 momme charmeuse de soie dans un ton noir. Il est dot\u00e9 d'une sangle \u00e9lastique, d'une main douce et d'un drap\u00e9 confortable pour les programmes de spa. Ce mod\u00e8le est disponible en taille unique et convient parfaitement aux tenues de printemps, aux cadeaux et au confort quotidien. Nettoyer sur place ou laver \u00e0 la main \u00e0 froid.<\/p>","protected":false},"excerpt":{"rendered":"<p>25 Masque de sommeil en soie Charmeuse de Momme en noir. Finition \u00e9lastique, drap\u00e9 doux et taille unique. Con\u00e7u pour les programmes de spa.<\/p>","protected":false},"featured_media":2176,"template":"","meta":{"_gspb_post_css":""},"product_brand":[],"product_cat":[37],"product_tag":[402,428,434],"class_list":{"0":"post-711","1":"product","2":"type-product","3":"status-publish","4":"has-post-thumbnail","6":"product_cat-silk-eye-masks","7":"product_tag-25-momme-silk-eye-mask-black","8":"product_tag-charmeuse-silk-eye-mask-elastic-strap","9":"product_tag-vendor-silk-eye-mask-for-spa-programs","11":"first","12":"instock","13":"shipping-taxable","14":"purchasable","15":"product-type-simple"},"_links":{"self":[{"href":"https:\/\/silk-pajamas.com\/fr\/wp-json\/wp\/v2\/product\/711","targetHints":{"allow":["GET"]}}],"collection":[{"href":"https:\/\/silk-pajamas.com\/fr\/wp-json\/wp\/v2\/product"}],"about":[{"href":"https:\/\/silk-pajamas.com\/fr\/wp-json\/wp\/v2\/types\/product"}],"wp:featuredmedia":[{"embeddable":true,"href":"https:\/\/silk-pajamas.com\/fr\/wp-json\/wp\/v2\/media\/2176"}],"wp:attachment":[{"href":"https:\/\/silk-pajamas.com\/fr\/wp-json\/wp\/v2\/media?parent=711"}],"wp:term":[{"taxonomy":"product_brand","embeddable":true,"href":"https:\/\/silk-pajamas.com\/fr\/wp-json\/wp\/v2\/product_brand?post=711"},{"taxonomy":"product_cat","embeddable":true,"href":"https:\/\/silk-pajamas.com\/fr\/wp-json\/wp\/v2\/product_cat?post=711"},{"taxonomy":"product_tag","embeddable":true,"href":"https:\/\/silk-pajamas.com\/fr\/wp-json\/wp\/v2\/product_tag?post=711"}],"curies":[{"name":"wp","href":"https:\/\/api.w.org\/{rel}","templated":true}]}}