{"id":718,"date":"2026-04-12T15:43:22","date_gmt":"2026-04-12T15:43:22","guid":{"rendered":"https:\/\/silk-pajamas.com\/19-momme-double-layer-silk-hair-wrap-button-loop-floral\/"},"modified":"2026-05-08T06:54:58","modified_gmt":"2026-05-08T06:54:58","slug":"19-momme-double-layer-silk-hair-wrap-button-loop-floral","status":"publish","type":"product","link":"https:\/\/silk-pajamas.com\/fr\/19-momme-double-layer-silk-hair-wrap-button-loop-floral\/","title":{"rendered":"19 Momme Coiffure double couche en soie Bouton Boucle Floral"},"content":{"rendered":"<p>Cette serviette pour les cheveux est fabriqu\u00e9e \u00e0 partir de 19 momme de soie double couche dans un ton floral. Elle est dot\u00e9e d'une boucle \u00e0 bouton, d'un toucher doux et d'un drap\u00e9 confortable pour le soin des cheveux longs. Ce mod\u00e8le convient \u00e0 la taille unique et peut \u00eatre port\u00e9 en toute saison, offert en cadeau ou utilis\u00e9 au quotidien. Laver \u00e0 la main \u00e0 froid et s\u00e9cher en ligne.<\/p>","protected":false},"excerpt":{"rendered":"<p>19 Momme Serviette de bain en soie double \u00e9paisseur \u00e0 motifs floraux. Finition boutonn\u00e9e, drap\u00e9 doux et taille unique. Con\u00e7ue pour les cheveux longs.<\/p>","protected":false},"featured_media":2066,"template":"","meta":{"_gspb_post_css":""},"product_brand":[],"product_cat":[38],"product_tag":[448,449,450],"class_list":{"0":"post-718","1":"product","2":"type-product","3":"status-publish","4":"has-post-thumbnail","6":"product_cat-silk-hair-towel-wrap","7":"product_tag-19-momme-silk-hair-towel-wrap-floral","8":"product_tag-double-layer-silk-hair-towel-wrap-button-loop","9":"product_tag-wholesale-silk-hair-towel-wrap-for-long-hair-care","11":"first","12":"instock","13":"shipping-taxable","14":"purchasable","15":"product-type-simple"},"_links":{"self":[{"href":"https:\/\/silk-pajamas.com\/fr\/wp-json\/wp\/v2\/product\/718","targetHints":{"allow":["GET"]}}],"collection":[{"href":"https:\/\/silk-pajamas.com\/fr\/wp-json\/wp\/v2\/product"}],"about":[{"href":"https:\/\/silk-pajamas.com\/fr\/wp-json\/wp\/v2\/types\/product"}],"wp:featuredmedia":[{"embeddable":true,"href":"https:\/\/silk-pajamas.com\/fr\/wp-json\/wp\/v2\/media\/2066"}],"wp:attachment":[{"href":"https:\/\/silk-pajamas.com\/fr\/wp-json\/wp\/v2\/media?parent=718"}],"wp:term":[{"taxonomy":"product_brand","embeddable":true,"href":"https:\/\/silk-pajamas.com\/fr\/wp-json\/wp\/v2\/product_brand?post=718"},{"taxonomy":"product_cat","embeddable":true,"href":"https:\/\/silk-pajamas.com\/fr\/wp-json\/wp\/v2\/product_cat?post=718"},{"taxonomy":"product_tag","embeddable":true,"href":"https:\/\/silk-pajamas.com\/fr\/wp-json\/wp\/v2\/product_tag?post=718"}],"curies":[{"name":"wp","href":"https:\/\/api.w.org\/{rel}","templated":true}]}}