{"id":721,"date":"2026-04-12T15:43:22","date_gmt":"2026-04-12T15:43:22","guid":{"rendered":"https:\/\/silk-pajamas.com\/25-momme-double-layer-silk-hair-wrap-quick-dry-navy-supplier\/"},"modified":"2026-05-08T06:56:33","modified_gmt":"2026-05-08T06:56:33","slug":"25-momme-double-layer-silk-hair-wrap-quick-dry-navy-supplier","status":"publish","type":"product","link":"https:\/\/silk-pajamas.com\/fr\/25-momme-double-layer-silk-hair-wrap-quick-dry-navy-supplier\/","title":{"rendered":"25 Momme Double Layer Silk Wrap Quick Dry Navy Supplier"},"content":{"rendered":"<p>Cette serviette pour cheveux est fabriqu\u00e9e \u00e0 partir de 25 momme de soie double couche dans un ton marine. Elle permet un s\u00e9chage rapide, une sensation de douceur et un drap\u00e9 confortable pour le soin des cheveux boucl\u00e9s. Ce mod\u00e8le convient \u00e0 la taille unique et convient parfaitement aux tenues d'\u00e9t\u00e9, aux cadeaux et au confort quotidien. Laver \u00e0 la main \u00e0 froid et s\u00e9cher en ligne.<\/p>","protected":false},"excerpt":{"rendered":"<p>25 Momme Double Layer silk hair wrap towel in Navy. S\u00e9chage rapide, thermor\u00e9gulation et taille unique. Con\u00e7ue pour les cheveux fris\u00e9s.<\/p>","protected":false},"featured_media":2134,"template":"","meta":{"_gspb_post_css":""},"product_brand":[],"product_cat":[38],"product_tag":[457,452,458],"class_list":{"0":"post-721","1":"product","2":"type-product","3":"status-publish","4":"has-post-thumbnail","6":"product_cat-silk-hair-towel-wrap","7":"product_tag-25-momme-silk-hair-towel-wrap-navy","8":"product_tag-double-layer-silk-hair-towel-wrap-quick-dry","9":"product_tag-vendor-silk-hair-towel-wrap-for-curly-hair-care","11":"first","12":"instock","13":"featured","14":"shipping-taxable","15":"purchasable","16":"product-type-simple"},"_links":{"self":[{"href":"https:\/\/silk-pajamas.com\/fr\/wp-json\/wp\/v2\/product\/721","targetHints":{"allow":["GET"]}}],"collection":[{"href":"https:\/\/silk-pajamas.com\/fr\/wp-json\/wp\/v2\/product"}],"about":[{"href":"https:\/\/silk-pajamas.com\/fr\/wp-json\/wp\/v2\/types\/product"}],"wp:featuredmedia":[{"embeddable":true,"href":"https:\/\/silk-pajamas.com\/fr\/wp-json\/wp\/v2\/media\/2134"}],"wp:attachment":[{"href":"https:\/\/silk-pajamas.com\/fr\/wp-json\/wp\/v2\/media?parent=721"}],"wp:term":[{"taxonomy":"product_brand","embeddable":true,"href":"https:\/\/silk-pajamas.com\/fr\/wp-json\/wp\/v2\/product_brand?post=721"},{"taxonomy":"product_cat","embeddable":true,"href":"https:\/\/silk-pajamas.com\/fr\/wp-json\/wp\/v2\/product_cat?post=721"},{"taxonomy":"product_tag","embeddable":true,"href":"https:\/\/silk-pajamas.com\/fr\/wp-json\/wp\/v2\/product_tag?post=721"}],"curies":[{"name":"wp","href":"https:\/\/api.w.org\/{rel}","templated":true}]}}